{"id":206,"date":"2022-09-12T13:09:32","date_gmt":"2022-09-12T11:09:32","guid":{"rendered":"https:\/\/staging.debouchagesougne.com\/?page_id=206"},"modified":"2022-12-01T13:55:17","modified_gmt":"2022-12-01T12:55:17","slug":"pompagedeseaux","status":"publish","type":"page","link":"https:\/\/debouchagesougne.com\/index.php\/pompagedeseaux\/","title":{"rendered":"Pompages des Eaux"},"content":{"rendered":"<p>[et_pb_section fb_built=\u00a0\u00bb1&Prime; _builder_version=\u00a0\u00bb4.18.0&Prime; _module_preset=\u00a0\u00bbdefault\u00a0\u00bb custom_margin=\u00a0\u00bb||0px||false|false\u00a0\u00bb custom_padding=\u00a0\u00bb||0px||false|false\u00a0\u00bb global_colors_info=\u00a0\u00bb{}\u00a0\u00bb][et_pb_row _builder_version=\u00a0\u00bb4.18.0&Prime; _module_preset=\u00a0\u00bbdefault\u00a0\u00bb custom_padding=\u00a0\u00bb||0px||false|false\u00a0\u00bb global_module=\u00a0\u00bb286&Prime; saved_tabs=\u00a0\u00bball\u00a0\u00bb global_colors_info=\u00a0\u00bb{}\u00a0\u00bb][et_pb_column type=\u00a0\u00bb4_4&Prime; _builder_version=\u00a0\u00bb4.18.0&Prime; _module_preset=\u00a0\u00bbdefault\u00a0\u00bb global_colors_info=\u00a0\u00bb{}\u00a0\u00bb][et_pb_text _builder_version=\u00a0\u00bb4.18.0&Prime; _dynamic_attributes=\u00a0\u00bbcontent\u00a0\u00bb _module_preset=\u00a0\u00bbdefault\u00a0\u00bb header_text_align=\u00a0\u00bbcenter\u00a0\u00bb header_font_size=\u00a0\u00bb36px\u00a0\u00bb global_colors_info=\u00a0\u00bb{}\u00a0\u00bb]@ET-DC@eyJkeW5hbWljIjp0cnVlLCJjb250ZW50IjoicG9zdF90aXRsZSIsInNldHRpbmdzIjp7ImJlZm9yZSI6IjxoMT4iLCJhZnRlciI6IjwvaDE+In19@[\/et_pb_text][\/et_pb_column][\/et_pb_row][\/et_pb_section][et_pb_section fb_built=\u00a0\u00bb1&Prime; _builder_version=\u00a0\u00bb4.18.0&Prime; _module_preset=\u00a0\u00bbdefault\u00a0\u00bb custom_margin=\u00a0\u00bb0px||||false|false\u00a0\u00bb custom_padding=\u00a0\u00bb0px||||false|false\u00a0\u00bb global_colors_info=\u00a0\u00bb{}\u00a0\u00bb][et_pb_row column_structure=\u00a0\u00bb1_2,1_2&Prime; use_custom_gutter=\u00a0\u00bbon\u00a0\u00bb gutter_width=\u00a0\u00bb2&Prime; make_equal=\u00a0\u00bbon\u00a0\u00bb _builder_version=\u00a0\u00bb4.18.0&Prime; _module_preset=\u00a0\u00bbdefault\u00a0\u00bb global_colors_info=\u00a0\u00bb{}\u00a0\u00bb][et_pb_column type=\u00a0\u00bb1_2&Prime; _builder_version=\u00a0\u00bb4.18.0&Prime; _module_preset=\u00a0\u00bbdefault\u00a0\u00bb background_image=\u00a0\u00bbhttps:\/\/debouchagesougne.com\/wp-content\/uploads\/2022\/09\/Pompage-deau-.jpg\u00a0\u00bb global_colors_info=\u00a0\u00bb{}\u00a0\u00bb][\/et_pb_column][et_pb_column type=\u00a0\u00bb1_2&Prime; _builder_version=\u00a0\u00bb4.18.0&Prime; _module_preset=\u00a0\u00bbdefault\u00a0\u00bb global_colors_info=\u00a0\u00bb{}\u00a0\u00bb][et_pb_text _builder_version=\u00a0\u00bb4.18.0&Prime; _module_preset=\u00a0\u00bbdefault\u00a0\u00bb global_colors_info=\u00a0\u00bb{}\u00a0\u00bb]<\/p>\n<h2>Une inondation ? Nous nous chargeons d\u2019\u00e9vacuer l\u2019eau !<\/h2>\n<p>Un orage particuli\u00e8rement violent ou une rupture de canalisation peuvent rapidement inonder une cave ou un local technique. En tant qu\u2019<strong>expert en \u00e9vacuation d\u2019eau<\/strong>, nos \u00e9quipes peuvent intervenir le jour m\u00eame pour r\u00e9tablir au plus vite une situation normale.<\/p>\n<p>Nos\u00a0<strong>pompes professionnelles<\/strong>\u00a0peuvent \u00e9vacuer jusqu\u2019\u00e0 2000 litres par minute et s\u2019installent en quelques instants, quelle que soit la configuration de l\u2019espace \u00e0 vider.\u00a0<strong>Un simple coup de t\u00e9l\u00e9phone<\/strong> vous permettra de conna\u00eetre nos tarifs.<\/p>\n<p>Oubliez les soucis, votre intervention est entre de bonnes mains avec <strong>D\u00e9bouchage Sougne !<\/strong>[\/et_pb_text][\/et_pb_column][\/et_pb_row][\/et_pb_section][et_pb_section fb_built=\u00a0\u00bb1&Prime; _builder_version=\u00a0\u00bb4.18.0&Prime; _module_preset=\u00a0\u00bbdefault\u00a0\u00bb custom_padding=\u00a0\u00bb0px||||false|false\u00a0\u00bb global_colors_info=\u00a0\u00bb{}\u00a0\u00bb][et_pb_row _builder_version=\u00a0\u00bb4.18.0&Prime; _module_preset=\u00a0\u00bbdefault\u00a0\u00bb global_colors_info=\u00a0\u00bb{}\u00a0\u00bb][et_pb_column type=\u00a0\u00bb4_4&Prime; _builder_version=\u00a0\u00bb4.18.0&Prime; _module_preset=\u00a0\u00bbdefault\u00a0\u00bb global_colors_info=\u00a0\u00bb{}\u00a0\u00bb][et_pb_button button_url=\u00a0\u00bbtel:+32494455166&Prime; button_text=\u00a0\u00bbAppelez &#8211; Nous pour toutes urgences \u00a0\u00bb button_alignment=\u00a0\u00bbcenter\u00a0\u00bb _builder_version=\u00a0\u00bb4.18.0&Prime; _module_preset=\u00a0\u00bbdefault\u00a0\u00bb custom_button=\u00a0\u00bbon\u00a0\u00bb button_text_size=\u00a0\u00bb26px\u00a0\u00bb button_text_color=\u00a0\u00bb#FFFFFF\u00a0\u00bb button_bg_color=\u00a0\u00bb#2a5b89&Prime; button_border_radius=\u00a0\u00bb15px\u00a0\u00bb button_icon=\u00a0\u00bb&#xf879;||fa||900&Prime; button_icon_placement=\u00a0\u00bbleft\u00a0\u00bb button_on_hover=\u00a0\u00bboff\u00a0\u00bb custom_padding=\u00a0\u00bb15px|35px|15px|55px|false|false\u00a0\u00bb global_colors_info=\u00a0\u00bb{}\u00a0\u00bb][\/et_pb_button][\/et_pb_column][\/et_pb_row][\/et_pb_section][et_pb_section fb_built=\u00a0\u00bb1&Prime; _builder_version=\u00a0\u00bb4.18.0&Prime; _module_preset=\u00a0\u00bbdefault\u00a0\u00bb background_color=\u00a0\u00bb#f4f4f4&Prime; global_colors_info=\u00a0\u00bb{}\u00a0\u00bb][et_pb_row column_structure=\u00a0\u00bb1_3,1_3,1_3&Prime; _builder_version=\u00a0\u00bb4.18.0&Prime; _module_preset=\u00a0\u00bbdefault\u00a0\u00bb global_colors_info=\u00a0\u00bb{}\u00a0\u00bb][et_pb_column type=\u00a0\u00bb1_3&Prime; _builder_version=\u00a0\u00bb4.18.0&Prime; _module_preset=\u00a0\u00bbdefault\u00a0\u00bb global_colors_info=\u00a0\u00bb{}\u00a0\u00bb][et_pb_blurb title=\u00a0\u00bbDebouchage Sougne\u00a0\u00bb use_icon=\u00a0\u00bbon\u00a0\u00bb font_icon=\u00a0\u00bb&#xe081;||divi||400&Prime; _builder_version=\u00a0\u00bb4.18.0&Prime; _module_preset=\u00a0\u00bbdefault\u00a0\u00bb header_text_align=\u00a0\u00bbcenter\u00a0\u00bb header_text_color=\u00a0\u00bb#2f4e80&Prime; header_font_size=\u00a0\u00bb22px\u00a0\u00bb text_orientation=\u00a0\u00bbcenter\u00a0\u00bb link_option_url=\u00a0\u00bbhttps:\/\/goo.gl\/maps\/kwa8iPB342yHBpQZA\u00a0\u00bb link_option_url_new_window=\u00a0\u00bbon\u00a0\u00bb hover_enabled=\u00a0\u00bb0&Prime; global_colors_info=\u00a0\u00bb{}\u00a0\u00bb icon_color__hover_enabled=\u00a0\u00bbon|hover\u00a0\u00bb icon_color__hover=\u00a0\u00bb#42a8d0&Prime; sticky_enabled=\u00a0\u00bb0&Prime;]<\/p>\n<p>Soumagne<\/p>\n<p>[\/et_pb_blurb][\/et_pb_column][et_pb_column type=\u00a0\u00bb1_3&Prime; _builder_version=\u00a0\u00bb4.18.0&Prime; _module_preset=\u00a0\u00bbdefault\u00a0\u00bb global_colors_info=\u00a0\u00bb{}\u00a0\u00bb][et_pb_blurb title=\u00a0\u00bbT\u00e9l\u00e9phone \/ GSM\u00a0\u00bb use_icon=\u00a0\u00bbon\u00a0\u00bb font_icon=\u00a0\u00bb&#xf879;||fa||900&Prime; _builder_version=\u00a0\u00bb4.18.0&Prime; _module_preset=\u00a0\u00bbdefault\u00a0\u00bb header_text_align=\u00a0\u00bbcenter\u00a0\u00bb header_text_color=\u00a0\u00bb#2f4e80&Prime; header_font_size=\u00a0\u00bb22px\u00a0\u00bb text_orientation=\u00a0\u00bbcenter\u00a0\u00bb link_option_url=\u00a0\u00bbtel:+32494455166&Prime; global_colors_info=\u00a0\u00bb{}\u00a0\u00bb icon_color__hover_enabled=\u00a0\u00bbon|hover\u00a0\u00bb icon_color__hover=\u00a0\u00bb#42a8d0&Prime;]+32 494 45 51 66[\/et_pb_blurb][\/et_pb_column][et_pb_column type=\u00a0\u00bb1_3&Prime; _builder_version=\u00a0\u00bb4.18.0&Prime; _module_preset=\u00a0\u00bbdefault\u00a0\u00bb global_colors_info=\u00a0\u00bb{}\u00a0\u00bb][et_pb_blurb title=\u00a0\u00bbAdresse e-mail\u00a0\u00bb use_icon=\u00a0\u00bbon\u00a0\u00bb font_icon=\u00a0\u00bb&#xf0e0;||fa||900&Prime; _builder_version=\u00a0\u00bb4.18.0&Prime; _module_preset=\u00a0\u00bbdefault\u00a0\u00bb header_text_align=\u00a0\u00bbcenter\u00a0\u00bb header_text_color=\u00a0\u00bb#2f4e80&Prime; header_font_size=\u00a0\u00bb22px\u00a0\u00bb text_orientation=\u00a0\u00bbcenter\u00a0\u00bb link_option_url=\u00a0\u00bbmailto:steve.sougne@gmail.com\u00a0\u00bb global_colors_info=\u00a0\u00bb{}\u00a0\u00bb icon_color__hover_enabled=\u00a0\u00bbon|hover\u00a0\u00bb icon_color__hover=\u00a0\u00bb#42a8d0&Prime;]steve.sougne@gmail.com[\/et_pb_blurb][\/et_pb_column][\/et_pb_row][\/et_pb_section]<\/p>\n","protected":false},"excerpt":{"rendered":"<p>Une inondation ? Nous nous chargeons d\u2019\u00e9vacuer l\u2019eau ! Un orage particuli\u00e8rement violent ou une rupture de canalisation peuvent rapidement inonder une cave ou un local technique. En tant qu\u2019expert en \u00e9vacuation d\u2019eau, nos \u00e9quipes peuvent intervenir le jour m\u00eame pour r\u00e9tablir au plus vite une situation normale. Nos\u00a0pompes professionnelles\u00a0peuvent \u00e9vacuer jusqu\u2019\u00e0 2000 litres par [&hellip;]<\/p>\n","protected":false},"author":1,"featured_media":0,"parent":0,"menu_order":0,"comment_status":"closed","ping_status":"closed","template":"","meta":{"_et_pb_use_builder":"on","_et_pb_old_content":"","_et_gb_content_width":"","footnotes":""},"class_list":["post-206","page","type-page","status-publish","hentry"],"yoast_head":"<!-- This site is optimized with the Yoast SEO plugin v27.6 - https:\/\/yoast.com\/product\/yoast-seo-wordpress\/ -->\n<title>Pompages des Eaux - Debouchage Sougne, D\u00e9bouchage canalisations \u00e0 Li\u00e8ge, Verviers, et environs<\/title>\n<meta name=\"robots\" content=\"index, follow, max-snippet:-1, max-image-preview:large, max-video-preview:-1\" \/>\n<link rel=\"canonical\" href=\"https:\/\/debouchagesougne.com\/index.php\/pompagedeseaux\/\" \/>\n<meta property=\"og:locale\" content=\"fr_FR\" \/>\n<meta property=\"og:type\" content=\"article\" \/>\n<meta property=\"og:title\" content=\"Pompages des Eaux - Debouchage Sougne, D\u00e9bouchage canalisations \u00e0 Li\u00e8ge, Verviers, et environs\" \/>\n<meta property=\"og:description\" content=\"Une inondation ? Nous nous chargeons d\u2019\u00e9vacuer l\u2019eau ! Un orage particuli\u00e8rement violent ou une rupture de canalisation peuvent rapidement inonder une cave ou un local technique. En tant qu\u2019expert en \u00e9vacuation d\u2019eau, nos \u00e9quipes peuvent intervenir le jour m\u00eame pour r\u00e9tablir au plus vite une situation normale. Nos\u00a0pompes professionnelles\u00a0peuvent \u00e9vacuer jusqu\u2019\u00e0 2000 litres par [&hellip;]\" \/>\n<meta property=\"og:url\" content=\"https:\/\/debouchagesougne.com\/index.php\/pompagedeseaux\/\" \/>\n<meta property=\"og:site_name\" content=\"Debouchage Sougne, D\u00e9bouchage canalisations \u00e0 Li\u00e8ge, Verviers, et environs\" \/>\n<meta property=\"article:publisher\" content=\"https:\/\/www.facebook.com\/Dbouchage-Sougne-105483994129103\/\" \/>\n<meta property=\"article:modified_time\" content=\"2022-12-01T12:55:17+00:00\" \/>\n<meta name=\"twitter:card\" content=\"summary_large_image\" \/>\n<script type=\"application\/ld+json\" class=\"yoast-schema-graph\">{\"@context\":\"https:\\\/\\\/schema.org\",\"@graph\":[{\"@type\":\"WebPage\",\"@id\":\"https:\\\/\\\/debouchagesougne.com\\\/index.php\\\/pompagedeseaux\\\/\",\"url\":\"https:\\\/\\\/debouchagesougne.com\\\/index.php\\\/pompagedeseaux\\\/\",\"name\":\"Pompages des Eaux - Debouchage Sougne, D\u00e9bouchage canalisations \u00e0 Li\u00e8ge, Verviers, et environs\",\"isPartOf\":{\"@id\":\"https:\\\/\\\/debouchagesougne.com\\\/#website\"},\"datePublished\":\"2022-09-12T11:09:32+00:00\",\"dateModified\":\"2022-12-01T12:55:17+00:00\",\"breadcrumb\":{\"@id\":\"https:\\\/\\\/debouchagesougne.com\\\/index.php\\\/pompagedeseaux\\\/#breadcrumb\"},\"inLanguage\":\"fr-FR\",\"potentialAction\":[{\"@type\":\"ReadAction\",\"target\":[\"https:\\\/\\\/debouchagesougne.com\\\/index.php\\\/pompagedeseaux\\\/\"]}]},{\"@type\":\"BreadcrumbList\",\"@id\":\"https:\\\/\\\/debouchagesougne.com\\\/index.php\\\/pompagedeseaux\\\/#breadcrumb\",\"itemListElement\":[{\"@type\":\"ListItem\",\"position\":1,\"name\":\"Accueil\",\"item\":\"https:\\\/\\\/debouchagesougne.com\\\/\"},{\"@type\":\"ListItem\",\"position\":2,\"name\":\"Pompages des Eaux\"}]},{\"@type\":\"WebSite\",\"@id\":\"https:\\\/\\\/debouchagesougne.com\\\/#website\",\"url\":\"https:\\\/\\\/debouchagesougne.com\\\/\",\"name\":\"Debouchage Sougne, D\u00e9bouchage canalisations \u00e0 Li\u00e8ge, Verviers, et environs\",\"description\":\"\",\"publisher\":{\"@id\":\"https:\\\/\\\/debouchagesougne.com\\\/#organization\"},\"potentialAction\":[{\"@type\":\"SearchAction\",\"target\":{\"@type\":\"EntryPoint\",\"urlTemplate\":\"https:\\\/\\\/debouchagesougne.com\\\/?s={search_term_string}\"},\"query-input\":{\"@type\":\"PropertyValueSpecification\",\"valueRequired\":true,\"valueName\":\"search_term_string\"}}],\"inLanguage\":\"fr-FR\"},{\"@type\":\"Organization\",\"@id\":\"https:\\\/\\\/debouchagesougne.com\\\/#organization\",\"name\":\"Debouchage Sougne\",\"url\":\"https:\\\/\\\/debouchagesougne.com\\\/\",\"logo\":{\"@type\":\"ImageObject\",\"inLanguage\":\"fr-FR\",\"@id\":\"https:\\\/\\\/debouchagesougne.com\\\/#\\\/schema\\\/logo\\\/image\\\/\",\"url\":\"https:\\\/\\\/debouchagesougne.com\\\/wp-content\\\/uploads\\\/2022\\\/09\\\/92868076_534909257450999_7066999099337211904_n-scaled-1.jpg\",\"contentUrl\":\"https:\\\/\\\/debouchagesougne.com\\\/wp-content\\\/uploads\\\/2022\\\/09\\\/92868076_534909257450999_7066999099337211904_n-scaled-1.jpg\",\"width\":2560,\"height\":1920,\"caption\":\"Debouchage Sougne\"},\"image\":{\"@id\":\"https:\\\/\\\/debouchagesougne.com\\\/#\\\/schema\\\/logo\\\/image\\\/\"},\"sameAs\":[\"https:\\\/\\\/www.facebook.com\\\/Dbouchage-Sougne-105483994129103\\\/\"]}]}<\/script>\n<!-- \/ Yoast SEO plugin. -->","yoast_head_json":{"title":"Pompages des Eaux - Debouchage Sougne, D\u00e9bouchage canalisations \u00e0 Li\u00e8ge, Verviers, et environs","robots":{"index":"index","follow":"follow","max-snippet":"max-snippet:-1","max-image-preview":"max-image-preview:large","max-video-preview":"max-video-preview:-1"},"canonical":"https:\/\/debouchagesougne.com\/index.php\/pompagedeseaux\/","og_locale":"fr_FR","og_type":"article","og_title":"Pompages des Eaux - Debouchage Sougne, D\u00e9bouchage canalisations \u00e0 Li\u00e8ge, Verviers, et environs","og_description":"Une inondation ? Nous nous chargeons d\u2019\u00e9vacuer l\u2019eau ! Un orage particuli\u00e8rement violent ou une rupture de canalisation peuvent rapidement inonder une cave ou un local technique. En tant qu\u2019expert en \u00e9vacuation d\u2019eau, nos \u00e9quipes peuvent intervenir le jour m\u00eame pour r\u00e9tablir au plus vite une situation normale. Nos\u00a0pompes professionnelles\u00a0peuvent \u00e9vacuer jusqu\u2019\u00e0 2000 litres par [&hellip;]","og_url":"https:\/\/debouchagesougne.com\/index.php\/pompagedeseaux\/","og_site_name":"Debouchage Sougne, D\u00e9bouchage canalisations \u00e0 Li\u00e8ge, Verviers, et environs","article_publisher":"https:\/\/www.facebook.com\/Dbouchage-Sougne-105483994129103\/","article_modified_time":"2022-12-01T12:55:17+00:00","twitter_card":"summary_large_image","schema":{"@context":"https:\/\/schema.org","@graph":[{"@type":"WebPage","@id":"https:\/\/debouchagesougne.com\/index.php\/pompagedeseaux\/","url":"https:\/\/debouchagesougne.com\/index.php\/pompagedeseaux\/","name":"Pompages des Eaux - Debouchage Sougne, D\u00e9bouchage canalisations \u00e0 Li\u00e8ge, Verviers, et environs","isPartOf":{"@id":"https:\/\/debouchagesougne.com\/#website"},"datePublished":"2022-09-12T11:09:32+00:00","dateModified":"2022-12-01T12:55:17+00:00","breadcrumb":{"@id":"https:\/\/debouchagesougne.com\/index.php\/pompagedeseaux\/#breadcrumb"},"inLanguage":"fr-FR","potentialAction":[{"@type":"ReadAction","target":["https:\/\/debouchagesougne.com\/index.php\/pompagedeseaux\/"]}]},{"@type":"BreadcrumbList","@id":"https:\/\/debouchagesougne.com\/index.php\/pompagedeseaux\/#breadcrumb","itemListElement":[{"@type":"ListItem","position":1,"name":"Accueil","item":"https:\/\/debouchagesougne.com\/"},{"@type":"ListItem","position":2,"name":"Pompages des Eaux"}]},{"@type":"WebSite","@id":"https:\/\/debouchagesougne.com\/#website","url":"https:\/\/debouchagesougne.com\/","name":"Debouchage Sougne, D\u00e9bouchage canalisations \u00e0 Li\u00e8ge, Verviers, et environs","description":"","publisher":{"@id":"https:\/\/debouchagesougne.com\/#organization"},"potentialAction":[{"@type":"SearchAction","target":{"@type":"EntryPoint","urlTemplate":"https:\/\/debouchagesougne.com\/?s={search_term_string}"},"query-input":{"@type":"PropertyValueSpecification","valueRequired":true,"valueName":"search_term_string"}}],"inLanguage":"fr-FR"},{"@type":"Organization","@id":"https:\/\/debouchagesougne.com\/#organization","name":"Debouchage Sougne","url":"https:\/\/debouchagesougne.com\/","logo":{"@type":"ImageObject","inLanguage":"fr-FR","@id":"https:\/\/debouchagesougne.com\/#\/schema\/logo\/image\/","url":"https:\/\/debouchagesougne.com\/wp-content\/uploads\/2022\/09\/92868076_534909257450999_7066999099337211904_n-scaled-1.jpg","contentUrl":"https:\/\/debouchagesougne.com\/wp-content\/uploads\/2022\/09\/92868076_534909257450999_7066999099337211904_n-scaled-1.jpg","width":2560,"height":1920,"caption":"Debouchage Sougne"},"image":{"@id":"https:\/\/debouchagesougne.com\/#\/schema\/logo\/image\/"},"sameAs":["https:\/\/www.facebook.com\/Dbouchage-Sougne-105483994129103\/"]}]}},"_links":{"self":[{"href":"https:\/\/debouchagesougne.com\/index.php\/wp-json\/wp\/v2\/pages\/206","targetHints":{"allow":["GET"]}}],"collection":[{"href":"https:\/\/debouchagesougne.com\/index.php\/wp-json\/wp\/v2\/pages"}],"about":[{"href":"https:\/\/debouchagesougne.com\/index.php\/wp-json\/wp\/v2\/types\/page"}],"author":[{"embeddable":true,"href":"https:\/\/debouchagesougne.com\/index.php\/wp-json\/wp\/v2\/users\/1"}],"replies":[{"embeddable":true,"href":"https:\/\/debouchagesougne.com\/index.php\/wp-json\/wp\/v2\/comments?post=206"}],"version-history":[{"count":1,"href":"https:\/\/debouchagesougne.com\/index.php\/wp-json\/wp\/v2\/pages\/206\/revisions"}],"predecessor-version":[{"id":546,"href":"https:\/\/debouchagesougne.com\/index.php\/wp-json\/wp\/v2\/pages\/206\/revisions\/546"}],"wp:attachment":[{"href":"https:\/\/debouchagesougne.com\/index.php\/wp-json\/wp\/v2\/media?parent=206"}],"curies":[{"name":"wp","href":"https:\/\/api.w.org\/{rel}","templated":true}]}}