{"id":208,"date":"2022-09-12T13:10:01","date_gmt":"2022-09-12T11:10:01","guid":{"rendered":"https:\/\/staging.debouchagesougne.com\/?page_id=208"},"modified":"2022-12-01T13:54:40","modified_gmt":"2022-12-01T12:54:40","slug":"inspection-par-camera","status":"publish","type":"page","link":"https:\/\/debouchagesougne.com\/index.php\/inspection-par-camera\/","title":{"rendered":"Inspection par cam\u00e9ra"},"content":{"rendered":"<p>[et_pb_section fb_built=\u00a0\u00bb1&Prime; _builder_version=\u00a0\u00bb4.18.0&Prime; _module_preset=\u00a0\u00bbdefault\u00a0\u00bb custom_margin=\u00a0\u00bb||0px||false|false\u00a0\u00bb custom_padding=\u00a0\u00bb||0px||false|false\u00a0\u00bb global_colors_info=\u00a0\u00bb{}\u00a0\u00bb][et_pb_row _builder_version=\u00a0\u00bb4.18.0&Prime; _module_preset=\u00a0\u00bbdefault\u00a0\u00bb custom_padding=\u00a0\u00bb||0px||false|false\u00a0\u00bb global_module=\u00a0\u00bb286&Prime; saved_tabs=\u00a0\u00bball\u00a0\u00bb global_colors_info=\u00a0\u00bb{}\u00a0\u00bb][et_pb_column type=\u00a0\u00bb4_4&Prime; _builder_version=\u00a0\u00bb4.18.0&Prime; _module_preset=\u00a0\u00bbdefault\u00a0\u00bb global_colors_info=\u00a0\u00bb{}\u00a0\u00bb][et_pb_text _builder_version=\u00a0\u00bb4.18.0&Prime; _dynamic_attributes=\u00a0\u00bbcontent\u00a0\u00bb _module_preset=\u00a0\u00bbdefault\u00a0\u00bb header_text_align=\u00a0\u00bbcenter\u00a0\u00bb header_font_size=\u00a0\u00bb36px\u00a0\u00bb global_colors_info=\u00a0\u00bb{}\u00a0\u00bb]@ET-DC@eyJkeW5hbWljIjp0cnVlLCJjb250ZW50IjoicG9zdF90aXRsZSIsInNldHRpbmdzIjp7ImJlZm9yZSI6IjxoMT4iLCJhZnRlciI6IjwvaDE+In19@[\/et_pb_text][\/et_pb_column][\/et_pb_row][\/et_pb_section][et_pb_section fb_built=\u00a0\u00bb1&Prime; _builder_version=\u00a0\u00bb4.18.0&Prime; _module_preset=\u00a0\u00bbdefault\u00a0\u00bb custom_margin=\u00a0\u00bb0px||||false|false\u00a0\u00bb custom_padding=\u00a0\u00bb0px||||false|false\u00a0\u00bb locked=\u00a0\u00bboff\u00a0\u00bb global_colors_info=\u00a0\u00bb{}\u00a0\u00bb][et_pb_row column_structure=\u00a0\u00bb1_2,1_2&Prime; use_custom_gutter=\u00a0\u00bbon\u00a0\u00bb gutter_width=\u00a0\u00bb2&Prime; make_equal=\u00a0\u00bbon\u00a0\u00bb _builder_version=\u00a0\u00bb4.18.0&Prime; _module_preset=\u00a0\u00bbdefault\u00a0\u00bb global_colors_info=\u00a0\u00bb{}\u00a0\u00bb][et_pb_column type=\u00a0\u00bb1_2&Prime; _builder_version=\u00a0\u00bb4.18.0&Prime; _module_preset=\u00a0\u00bbdefault\u00a0\u00bb background_image=\u00a0\u00bbhttps:\/\/debouchagesougne.com\/wp-content\/uploads\/2022\/09\/93350670_522178968464519_7522538629424480256_n-scaled-1.jpg\u00a0\u00bb global_colors_info=\u00a0\u00bb{}\u00a0\u00bb][\/et_pb_column][et_pb_column type=\u00a0\u00bb1_2&Prime; _builder_version=\u00a0\u00bb4.18.0&Prime; _module_preset=\u00a0\u00bbdefault\u00a0\u00bb global_colors_info=\u00a0\u00bb{}\u00a0\u00bb][et_pb_text _builder_version=\u00a0\u00bb4.18.0&Prime; _module_preset=\u00a0\u00bbdefault\u00a0\u00bb global_colors_info=\u00a0\u00bb{}\u00a0\u00bb]<\/p>\n<h2>Evitez-vous des frais \u00e0 r\u00e9p\u00e9tions gr\u00e2ce \u00e0 l\u2019inspection par cam\u00e9ra !<\/h2>\n<p>Vous avez des bouchons \u00e0 r\u00e9p\u00e9titions, une rupture de canalisation que vous ne parvenez pas \u00e0 localiser ? Nous vous proposons de faire appel \u00e0 une\u00a0<strong>technologie par cam\u00e9ra pour vous \u00e9viter des frais inutiles.<\/strong>\u00a0Peu importe\u00a0 le diam\u00e8tre de vos tuyaux ou canalisations, nos cam\u00e9ras arrivent jusque dans les moindres recoins afin de trouver la ou les causes de vos probl\u00e8mes.<\/p>\n<p>Gr\u00e2ce \u00e0 la HD,\u00a0 nous pouvons rep\u00e9rer une fissure ou un \u00e9ventuel bouchon. En identifiant ainsi la localisation exacte du souci,\u00a0<strong>nous\u00a0intervenons imm\u00e9diatement au bon endroit\u00a0et vous \u00e9vitons les co\u00fbts de prospection et les r\u00e9parations occasionn\u00e9es par les recherches.<\/strong><\/p>\n<p>Vous souhaitez connaitre l\u2019\u00e9tat de vos canalisations ou\u00a0<strong>r\u00e9soudre d\u00e9finitivement un probl\u00e8me de bouchon<\/strong>\u00a0? faites appel \u00e0 nous nous interviendrons en\u00a0<strong>urgence<\/strong>\u00a0et de mani\u00e8re\u00a0<strong>efficace<\/strong>\u00a0!<\/p>\n<p>[\/et_pb_text][\/et_pb_column][\/et_pb_row][\/et_pb_section][et_pb_section fb_built=\u00a0\u00bb1&Prime; _builder_version=\u00a0\u00bb4.18.0&Prime; _module_preset=\u00a0\u00bbdefault\u00a0\u00bb global_colors_info=\u00a0\u00bb{}\u00a0\u00bb][et_pb_row _builder_version=\u00a0\u00bb4.18.0&Prime; _module_preset=\u00a0\u00bbdefault\u00a0\u00bb global_colors_info=\u00a0\u00bb{}\u00a0\u00bb][et_pb_column type=\u00a0\u00bb4_4&Prime; _builder_version=\u00a0\u00bb4.18.0&Prime; _module_preset=\u00a0\u00bbdefault\u00a0\u00bb global_colors_info=\u00a0\u00bb{}\u00a0\u00bb][et_pb_gallery gallery_ids=\u00a0\u00bb336,333,334,335&Prime; show_title_and_caption=\u00a0\u00bboff\u00a0\u00bb _builder_version=\u00a0\u00bb4.18.0&Prime; _module_preset=\u00a0\u00bbdefault\u00a0\u00bb global_colors_info=\u00a0\u00bb{}\u00a0\u00bb][\/et_pb_gallery][\/et_pb_column][\/et_pb_row][\/et_pb_section][et_pb_section fb_built=\u00a0\u00bb1&Prime; _builder_version=\u00a0\u00bb4.18.0&Prime; _module_preset=\u00a0\u00bbdefault\u00a0\u00bb custom_padding=\u00a0\u00bb0px||||false|false\u00a0\u00bb global_module=\u00a0\u00bb388&Prime; global_colors_info=\u00a0\u00bb{}\u00a0\u00bb][et_pb_row _builder_version=\u00a0\u00bb4.18.0&Prime; _module_preset=\u00a0\u00bbdefault\u00a0\u00bb global_colors_info=\u00a0\u00bb{}\u00a0\u00bb][et_pb_column type=\u00a0\u00bb4_4&Prime; _builder_version=\u00a0\u00bb4.18.0&Prime; _module_preset=\u00a0\u00bbdefault\u00a0\u00bb global_colors_info=\u00a0\u00bb{}\u00a0\u00bb][et_pb_button button_url=\u00a0\u00bbtel:+32494455166&Prime; button_text=\u00a0\u00bbAppelez &#8211; Nous pour toutes urgences \u00a0\u00bb button_alignment=\u00a0\u00bbcenter\u00a0\u00bb _builder_version=\u00a0\u00bb4.18.0&Prime; _module_preset=\u00a0\u00bbdefault\u00a0\u00bb custom_button=\u00a0\u00bbon\u00a0\u00bb button_text_size=\u00a0\u00bb26px\u00a0\u00bb button_text_color=\u00a0\u00bb#FFFFFF\u00a0\u00bb button_bg_color=\u00a0\u00bb#2a5b89&Prime; button_border_radius=\u00a0\u00bb15px\u00a0\u00bb button_font=\u00a0\u00bb|700|||||||\u00a0\u00bb button_icon=\u00a0\u00bb&#xf879;||fa||900&Prime; button_icon_placement=\u00a0\u00bbleft\u00a0\u00bb button_on_hover=\u00a0\u00bboff\u00a0\u00bb custom_padding=\u00a0\u00bb15px|35px|15px|55px|false|false\u00a0\u00bb global_colors_info=\u00a0\u00bb{}\u00a0\u00bb][\/et_pb_button][\/et_pb_column][\/et_pb_row][\/et_pb_section][et_pb_section fb_built=\u00a0\u00bb1&Prime; _builder_version=\u00a0\u00bb4.18.0&Prime; _module_preset=\u00a0\u00bbdefault\u00a0\u00bb background_color=\u00a0\u00bb#f4f4f4&Prime; global_colors_info=\u00a0\u00bb{}\u00a0\u00bb][et_pb_row column_structure=\u00a0\u00bb1_3,1_3,1_3&Prime; _builder_version=\u00a0\u00bb4.18.0&Prime; _module_preset=\u00a0\u00bbdefault\u00a0\u00bb global_colors_info=\u00a0\u00bb{}\u00a0\u00bb][et_pb_column type=\u00a0\u00bb1_3&Prime; _builder_version=\u00a0\u00bb4.18.0&Prime; _module_preset=\u00a0\u00bbdefault\u00a0\u00bb global_colors_info=\u00a0\u00bb{}\u00a0\u00bb][et_pb_blurb title=\u00a0\u00bbDebouchage Sougne\u00a0\u00bb use_icon=\u00a0\u00bbon\u00a0\u00bb font_icon=\u00a0\u00bb&#xe081;||divi||400&Prime; _builder_version=\u00a0\u00bb4.18.0&Prime; _module_preset=\u00a0\u00bbdefault\u00a0\u00bb header_text_align=\u00a0\u00bbcenter\u00a0\u00bb header_text_color=\u00a0\u00bb#2f4e80&Prime; header_font_size=\u00a0\u00bb22px\u00a0\u00bb text_orientation=\u00a0\u00bbcenter\u00a0\u00bb link_option_url=\u00a0\u00bbhttps:\/\/goo.gl\/maps\/kwa8iPB342yHBpQZA\u00a0\u00bb link_option_url_new_window=\u00a0\u00bbon\u00a0\u00bb global_colors_info=\u00a0\u00bb{}\u00a0\u00bb icon_color__hover_enabled=\u00a0\u00bbon|hover\u00a0\u00bb icon_color__hover=\u00a0\u00bb#42a8d0&Prime;]<\/p>\n<p>Soumagne<\/p>\n<p>[\/et_pb_blurb][\/et_pb_column][et_pb_column type=\u00a0\u00bb1_3&Prime; _builder_version=\u00a0\u00bb4.18.0&Prime; _module_preset=\u00a0\u00bbdefault\u00a0\u00bb global_colors_info=\u00a0\u00bb{}\u00a0\u00bb][et_pb_blurb title=\u00a0\u00bbT\u00e9l\u00e9phone \/ GSM\u00a0\u00bb use_icon=\u00a0\u00bbon\u00a0\u00bb font_icon=\u00a0\u00bb&#xf879;||fa||900&Prime; _builder_version=\u00a0\u00bb4.18.0&Prime; _module_preset=\u00a0\u00bbdefault\u00a0\u00bb header_text_align=\u00a0\u00bbcenter\u00a0\u00bb header_text_color=\u00a0\u00bb#2f4e80&Prime; header_font_size=\u00a0\u00bb22px\u00a0\u00bb text_orientation=\u00a0\u00bbcenter\u00a0\u00bb link_option_url=\u00a0\u00bbtel:+32494455166&Prime; global_colors_info=\u00a0\u00bb{}\u00a0\u00bb icon_color__hover_enabled=\u00a0\u00bbon|hover\u00a0\u00bb icon_color__hover=\u00a0\u00bb#42a8d0&Prime;]+32 494 45 51 66[\/et_pb_blurb][\/et_pb_column][et_pb_column type=\u00a0\u00bb1_3&Prime; _builder_version=\u00a0\u00bb4.18.0&Prime; _module_preset=\u00a0\u00bbdefault\u00a0\u00bb global_colors_info=\u00a0\u00bb{}\u00a0\u00bb][et_pb_blurb title=\u00a0\u00bbAdresse e-mail\u00a0\u00bb use_icon=\u00a0\u00bbon\u00a0\u00bb font_icon=\u00a0\u00bb&#xf0e0;||fa||900&Prime; _builder_version=\u00a0\u00bb4.18.0&Prime; _module_preset=\u00a0\u00bbdefault\u00a0\u00bb header_text_align=\u00a0\u00bbcenter\u00a0\u00bb header_text_color=\u00a0\u00bb#2f4e80&Prime; header_font_size=\u00a0\u00bb22px\u00a0\u00bb text_orientation=\u00a0\u00bbcenter\u00a0\u00bb link_option_url=\u00a0\u00bbmailto:steve.sougne@gmail.com\u00a0\u00bb global_colors_info=\u00a0\u00bb{}\u00a0\u00bb icon_color__hover_enabled=\u00a0\u00bbon|hover\u00a0\u00bb icon_color__hover=\u00a0\u00bb#42a8d0&Prime;]steve.sougne@gmail.com[\/et_pb_blurb][\/et_pb_column][\/et_pb_row][\/et_pb_section]<\/p>\n","protected":false},"excerpt":{"rendered":"<p>Evitez-vous des frais \u00e0 r\u00e9p\u00e9tions gr\u00e2ce \u00e0 l\u2019inspection par cam\u00e9ra ! Vous avez des bouchons \u00e0 r\u00e9p\u00e9titions, une rupture de canalisation que vous ne parvenez pas \u00e0 localiser ? Nous vous proposons de faire appel \u00e0 une\u00a0technologie par cam\u00e9ra pour vous \u00e9viter des frais inutiles.\u00a0Peu importe\u00a0 le diam\u00e8tre de vos tuyaux ou canalisations, nos cam\u00e9ras [&hellip;]<\/p>\n","protected":false},"author":1,"featured_media":0,"parent":0,"menu_order":0,"comment_status":"closed","ping_status":"closed","template":"","meta":{"_et_pb_use_builder":"on","_et_pb_old_content":"","_et_gb_content_width":"","footnotes":""},"class_list":["post-208","page","type-page","status-publish","hentry"],"yoast_head":"<!-- This site is optimized with the Yoast SEO plugin v27.5 - https:\/\/yoast.com\/product\/yoast-seo-wordpress\/ -->\n<title>Inspection par cam\u00e9ra - Debouchage Sougne, D\u00e9bouchage canalisations \u00e0 Li\u00e8ge, Verviers, et environs<\/title>\n<meta name=\"robots\" content=\"index, follow, max-snippet:-1, max-image-preview:large, max-video-preview:-1\" \/>\n<link rel=\"canonical\" href=\"https:\/\/debouchagesougne.com\/index.php\/inspection-par-camera\/\" \/>\n<meta property=\"og:locale\" content=\"fr_FR\" \/>\n<meta property=\"og:type\" content=\"article\" \/>\n<meta property=\"og:title\" content=\"Inspection par cam\u00e9ra - Debouchage Sougne, D\u00e9bouchage canalisations \u00e0 Li\u00e8ge, Verviers, et environs\" \/>\n<meta property=\"og:description\" content=\"Evitez-vous des frais \u00e0 r\u00e9p\u00e9tions gr\u00e2ce \u00e0 l\u2019inspection par cam\u00e9ra ! Vous avez des bouchons \u00e0 r\u00e9p\u00e9titions, une rupture de canalisation que vous ne parvenez pas \u00e0 localiser ? Nous vous proposons de faire appel \u00e0 une\u00a0technologie par cam\u00e9ra pour vous \u00e9viter des frais inutiles.\u00a0Peu importe\u00a0 le diam\u00e8tre de vos tuyaux ou canalisations, nos cam\u00e9ras [&hellip;]\" \/>\n<meta property=\"og:url\" content=\"https:\/\/debouchagesougne.com\/index.php\/inspection-par-camera\/\" \/>\n<meta property=\"og:site_name\" content=\"Debouchage Sougne, D\u00e9bouchage canalisations \u00e0 Li\u00e8ge, Verviers, et environs\" \/>\n<meta property=\"article:publisher\" content=\"https:\/\/www.facebook.com\/Dbouchage-Sougne-105483994129103\/\" \/>\n<meta property=\"article:modified_time\" content=\"2022-12-01T12:54:40+00:00\" \/>\n<meta name=\"twitter:card\" content=\"summary_large_image\" \/>\n<script type=\"application\/ld+json\" class=\"yoast-schema-graph\">{\"@context\":\"https:\\\/\\\/schema.org\",\"@graph\":[{\"@type\":\"WebPage\",\"@id\":\"https:\\\/\\\/debouchagesougne.com\\\/index.php\\\/inspection-par-camera\\\/\",\"url\":\"https:\\\/\\\/debouchagesougne.com\\\/index.php\\\/inspection-par-camera\\\/\",\"name\":\"Inspection par cam\u00e9ra - Debouchage Sougne, D\u00e9bouchage canalisations \u00e0 Li\u00e8ge, Verviers, et environs\",\"isPartOf\":{\"@id\":\"https:\\\/\\\/debouchagesougne.com\\\/#website\"},\"datePublished\":\"2022-09-12T11:10:01+00:00\",\"dateModified\":\"2022-12-01T12:54:40+00:00\",\"breadcrumb\":{\"@id\":\"https:\\\/\\\/debouchagesougne.com\\\/index.php\\\/inspection-par-camera\\\/#breadcrumb\"},\"inLanguage\":\"fr-FR\",\"potentialAction\":[{\"@type\":\"ReadAction\",\"target\":[\"https:\\\/\\\/debouchagesougne.com\\\/index.php\\\/inspection-par-camera\\\/\"]}]},{\"@type\":\"BreadcrumbList\",\"@id\":\"https:\\\/\\\/debouchagesougne.com\\\/index.php\\\/inspection-par-camera\\\/#breadcrumb\",\"itemListElement\":[{\"@type\":\"ListItem\",\"position\":1,\"name\":\"Accueil\",\"item\":\"https:\\\/\\\/debouchagesougne.com\\\/\"},{\"@type\":\"ListItem\",\"position\":2,\"name\":\"Inspection par cam\u00e9ra\"}]},{\"@type\":\"WebSite\",\"@id\":\"https:\\\/\\\/debouchagesougne.com\\\/#website\",\"url\":\"https:\\\/\\\/debouchagesougne.com\\\/\",\"name\":\"Debouchage Sougne, D\u00e9bouchage canalisations \u00e0 Li\u00e8ge, Verviers, et environs\",\"description\":\"\",\"publisher\":{\"@id\":\"https:\\\/\\\/debouchagesougne.com\\\/#organization\"},\"potentialAction\":[{\"@type\":\"SearchAction\",\"target\":{\"@type\":\"EntryPoint\",\"urlTemplate\":\"https:\\\/\\\/debouchagesougne.com\\\/?s={search_term_string}\"},\"query-input\":{\"@type\":\"PropertyValueSpecification\",\"valueRequired\":true,\"valueName\":\"search_term_string\"}}],\"inLanguage\":\"fr-FR\"},{\"@type\":\"Organization\",\"@id\":\"https:\\\/\\\/debouchagesougne.com\\\/#organization\",\"name\":\"Debouchage Sougne\",\"url\":\"https:\\\/\\\/debouchagesougne.com\\\/\",\"logo\":{\"@type\":\"ImageObject\",\"inLanguage\":\"fr-FR\",\"@id\":\"https:\\\/\\\/debouchagesougne.com\\\/#\\\/schema\\\/logo\\\/image\\\/\",\"url\":\"https:\\\/\\\/debouchagesougne.com\\\/wp-content\\\/uploads\\\/2022\\\/09\\\/92868076_534909257450999_7066999099337211904_n-scaled-1.jpg\",\"contentUrl\":\"https:\\\/\\\/debouchagesougne.com\\\/wp-content\\\/uploads\\\/2022\\\/09\\\/92868076_534909257450999_7066999099337211904_n-scaled-1.jpg\",\"width\":2560,\"height\":1920,\"caption\":\"Debouchage Sougne\"},\"image\":{\"@id\":\"https:\\\/\\\/debouchagesougne.com\\\/#\\\/schema\\\/logo\\\/image\\\/\"},\"sameAs\":[\"https:\\\/\\\/www.facebook.com\\\/Dbouchage-Sougne-105483994129103\\\/\"]}]}<\/script>\n<!-- \/ Yoast SEO plugin. -->","yoast_head_json":{"title":"Inspection par cam\u00e9ra - Debouchage Sougne, D\u00e9bouchage canalisations \u00e0 Li\u00e8ge, Verviers, et environs","robots":{"index":"index","follow":"follow","max-snippet":"max-snippet:-1","max-image-preview":"max-image-preview:large","max-video-preview":"max-video-preview:-1"},"canonical":"https:\/\/debouchagesougne.com\/index.php\/inspection-par-camera\/","og_locale":"fr_FR","og_type":"article","og_title":"Inspection par cam\u00e9ra - Debouchage Sougne, D\u00e9bouchage canalisations \u00e0 Li\u00e8ge, Verviers, et environs","og_description":"Evitez-vous des frais \u00e0 r\u00e9p\u00e9tions gr\u00e2ce \u00e0 l\u2019inspection par cam\u00e9ra ! Vous avez des bouchons \u00e0 r\u00e9p\u00e9titions, une rupture de canalisation que vous ne parvenez pas \u00e0 localiser ? Nous vous proposons de faire appel \u00e0 une\u00a0technologie par cam\u00e9ra pour vous \u00e9viter des frais inutiles.\u00a0Peu importe\u00a0 le diam\u00e8tre de vos tuyaux ou canalisations, nos cam\u00e9ras [&hellip;]","og_url":"https:\/\/debouchagesougne.com\/index.php\/inspection-par-camera\/","og_site_name":"Debouchage Sougne, D\u00e9bouchage canalisations \u00e0 Li\u00e8ge, Verviers, et environs","article_publisher":"https:\/\/www.facebook.com\/Dbouchage-Sougne-105483994129103\/","article_modified_time":"2022-12-01T12:54:40+00:00","twitter_card":"summary_large_image","schema":{"@context":"https:\/\/schema.org","@graph":[{"@type":"WebPage","@id":"https:\/\/debouchagesougne.com\/index.php\/inspection-par-camera\/","url":"https:\/\/debouchagesougne.com\/index.php\/inspection-par-camera\/","name":"Inspection par cam\u00e9ra - Debouchage Sougne, D\u00e9bouchage canalisations \u00e0 Li\u00e8ge, Verviers, et environs","isPartOf":{"@id":"https:\/\/debouchagesougne.com\/#website"},"datePublished":"2022-09-12T11:10:01+00:00","dateModified":"2022-12-01T12:54:40+00:00","breadcrumb":{"@id":"https:\/\/debouchagesougne.com\/index.php\/inspection-par-camera\/#breadcrumb"},"inLanguage":"fr-FR","potentialAction":[{"@type":"ReadAction","target":["https:\/\/debouchagesougne.com\/index.php\/inspection-par-camera\/"]}]},{"@type":"BreadcrumbList","@id":"https:\/\/debouchagesougne.com\/index.php\/inspection-par-camera\/#breadcrumb","itemListElement":[{"@type":"ListItem","position":1,"name":"Accueil","item":"https:\/\/debouchagesougne.com\/"},{"@type":"ListItem","position":2,"name":"Inspection par cam\u00e9ra"}]},{"@type":"WebSite","@id":"https:\/\/debouchagesougne.com\/#website","url":"https:\/\/debouchagesougne.com\/","name":"Debouchage Sougne, D\u00e9bouchage canalisations \u00e0 Li\u00e8ge, Verviers, et environs","description":"","publisher":{"@id":"https:\/\/debouchagesougne.com\/#organization"},"potentialAction":[{"@type":"SearchAction","target":{"@type":"EntryPoint","urlTemplate":"https:\/\/debouchagesougne.com\/?s={search_term_string}"},"query-input":{"@type":"PropertyValueSpecification","valueRequired":true,"valueName":"search_term_string"}}],"inLanguage":"fr-FR"},{"@type":"Organization","@id":"https:\/\/debouchagesougne.com\/#organization","name":"Debouchage Sougne","url":"https:\/\/debouchagesougne.com\/","logo":{"@type":"ImageObject","inLanguage":"fr-FR","@id":"https:\/\/debouchagesougne.com\/#\/schema\/logo\/image\/","url":"https:\/\/debouchagesougne.com\/wp-content\/uploads\/2022\/09\/92868076_534909257450999_7066999099337211904_n-scaled-1.jpg","contentUrl":"https:\/\/debouchagesougne.com\/wp-content\/uploads\/2022\/09\/92868076_534909257450999_7066999099337211904_n-scaled-1.jpg","width":2560,"height":1920,"caption":"Debouchage Sougne"},"image":{"@id":"https:\/\/debouchagesougne.com\/#\/schema\/logo\/image\/"},"sameAs":["https:\/\/www.facebook.com\/Dbouchage-Sougne-105483994129103\/"]}]}},"_links":{"self":[{"href":"https:\/\/debouchagesougne.com\/index.php\/wp-json\/wp\/v2\/pages\/208","targetHints":{"allow":["GET"]}}],"collection":[{"href":"https:\/\/debouchagesougne.com\/index.php\/wp-json\/wp\/v2\/pages"}],"about":[{"href":"https:\/\/debouchagesougne.com\/index.php\/wp-json\/wp\/v2\/types\/page"}],"author":[{"embeddable":true,"href":"https:\/\/debouchagesougne.com\/index.php\/wp-json\/wp\/v2\/users\/1"}],"replies":[{"embeddable":true,"href":"https:\/\/debouchagesougne.com\/index.php\/wp-json\/wp\/v2\/comments?post=208"}],"version-history":[{"count":1,"href":"https:\/\/debouchagesougne.com\/index.php\/wp-json\/wp\/v2\/pages\/208\/revisions"}],"predecessor-version":[{"id":545,"href":"https:\/\/debouchagesougne.com\/index.php\/wp-json\/wp\/v2\/pages\/208\/revisions\/545"}],"wp:attachment":[{"href":"https:\/\/debouchagesougne.com\/index.php\/wp-json\/wp\/v2\/media?parent=208"}],"curies":[{"name":"wp","href":"https:\/\/api.w.org\/{rel}","templated":true}]}}