{"id":211,"date":"2022-09-12T13:11:06","date_gmt":"2022-09-12T11:11:06","guid":{"rendered":"https:\/\/staging.debouchagesougne.com\/?page_id=211"},"modified":"2022-12-01T13:54:04","modified_gmt":"2022-12-01T12:54:04","slug":"work","status":"publish","type":"page","link":"https:\/\/debouchagesougne.com\/index.php\/work\/","title":{"rendered":"D\u00e9bouchage"},"content":{"rendered":"<p>[et_pb_section fb_built=\u00a0\u00bb1&Prime; _builder_version=\u00a0\u00bb4.18.0&Prime; _module_preset=\u00a0\u00bbdefault\u00a0\u00bb custom_margin=\u00a0\u00bb||0px||false|false\u00a0\u00bb custom_padding=\u00a0\u00bb||0px||false|false\u00a0\u00bb global_colors_info=\u00a0\u00bb{}\u00a0\u00bb][et_pb_row _builder_version=\u00a0\u00bb4.18.0&Prime; _module_preset=\u00a0\u00bbdefault\u00a0\u00bb custom_padding=\u00a0\u00bb||0px||false|false\u00a0\u00bb global_module=\u00a0\u00bb286&Prime; saved_tabs=\u00a0\u00bball\u00a0\u00bb global_colors_info=\u00a0\u00bb{}\u00a0\u00bb][et_pb_column type=\u00a0\u00bb4_4&Prime; _builder_version=\u00a0\u00bb4.18.0&Prime; _module_preset=\u00a0\u00bbdefault\u00a0\u00bb global_colors_info=\u00a0\u00bb{}\u00a0\u00bb][et_pb_text _builder_version=\u00a0\u00bb4.18.0&Prime; _dynamic_attributes=\u00a0\u00bbcontent\u00a0\u00bb _module_preset=\u00a0\u00bbdefault\u00a0\u00bb header_text_align=\u00a0\u00bbcenter\u00a0\u00bb header_font_size=\u00a0\u00bb36px\u00a0\u00bb global_colors_info=\u00a0\u00bb{}\u00a0\u00bb]@ET-DC@eyJkeW5hbWljIjp0cnVlLCJjb250ZW50IjoicG9zdF90aXRsZSIsInNldHRpbmdzIjp7ImJlZm9yZSI6IjxoMT4iLCJhZnRlciI6IjwvaDE+In19@[\/et_pb_text][\/et_pb_column][\/et_pb_row][\/et_pb_section][et_pb_section fb_built=\u00a0\u00bb1&Prime; _builder_version=\u00a0\u00bb4.18.0&Prime; _module_preset=\u00a0\u00bbdefault\u00a0\u00bb custom_margin=\u00a0\u00bb0px||||false|false\u00a0\u00bb custom_padding=\u00a0\u00bb0px||0px||false|false\u00a0\u00bb locked=\u00a0\u00bboff\u00a0\u00bb global_colors_info=\u00a0\u00bb{}\u00a0\u00bb][et_pb_row _builder_version=\u00a0\u00bb4.18.0&Prime; _module_preset=\u00a0\u00bbdefault\u00a0\u00bb global_colors_info=\u00a0\u00bb{}\u00a0\u00bb][et_pb_column type=\u00a0\u00bb4_4&Prime; _builder_version=\u00a0\u00bb4.18.0&Prime; _module_preset=\u00a0\u00bbdefault\u00a0\u00bb global_colors_info=\u00a0\u00bb{}\u00a0\u00bb][et_pb_text _builder_version=\u00a0\u00bb4.18.0&Prime; _module_preset=\u00a0\u00bbdefault\u00a0\u00bb text_font_size=\u00a0\u00bb20px\u00a0\u00bb text_line_height=\u00a0\u00bb1.8em\u00a0\u00bb header_2_text_color=\u00a0\u00bb#2f4e80&Prime; header_2_font_size=\u00a0\u00bb36px\u00a0\u00bb header_3_text_color=\u00a0\u00bb#42a8d0&Prime; text_orientation=\u00a0\u00bbcenter\u00a0\u00bb custom_padding=\u00a0\u00bb||0px||false|false\u00a0\u00bb global_colors_info=\u00a0\u00bb{}\u00a0\u00bb]<\/p>\n<h2>D\u00e9bouchage de canalisation et d\u2019\u00e9gouts<\/h2>\n<h3>D\u00c9BOUCHAGE DE CANALISATIONS, WC, \u00c9VIER ET \u00c9GOUT LI\u00c8GE, VERVIERS, HUY ET ENVIRONS<\/h3>\n<p>D\u00e9bouchage Sougne est le sp\u00e9cialiste pour d\u00e9boucher vos \u00e9gouts, WC, \u00e9viers et autres canalisations. Cliquez ci-dessous sur le service correspondant \u00e0 votre besoin ! Nous nous ferons un plaisir de vous venir en aide dans les plus brefs d\u00e9lais.<\/p>\n<p>[\/et_pb_text][\/et_pb_column][\/et_pb_row][\/et_pb_section][et_pb_section fb_built=\u00a0\u00bb1&Prime; _builder_version=\u00a0\u00bb4.18.0&Prime; _module_preset=\u00a0\u00bbdefault\u00a0\u00bb custom_padding=\u00a0\u00bb10px||||false|false\u00a0\u00bb global_colors_info=\u00a0\u00bb{}\u00a0\u00bb][et_pb_row column_structure=\u00a0\u00bb1_5,1_5,1_5,1_5,1_5&Prime; use_custom_gutter=\u00a0\u00bbon\u00a0\u00bb gutter_width=\u00a0\u00bb2&Prime; make_equal=\u00a0\u00bbon\u00a0\u00bb _builder_version=\u00a0\u00bb4.18.0&Prime; _module_preset=\u00a0\u00bbdefault\u00a0\u00bb global_colors_info=\u00a0\u00bb{}\u00a0\u00bb][et_pb_column type=\u00a0\u00bb1_5&Prime; _builder_version=\u00a0\u00bb4.18.0&Prime; _module_preset=\u00a0\u00bbdefault\u00a0\u00bb link_option_url=\u00a0\u00bbhttps:\/\/debouchagesougne.com\/index.php\/work\/debouchage-de-canalisations\/\u00a0\u00bb global_colors_info=\u00a0\u00bb{}\u00a0\u00bb][et_pb_image src=\u00a0\u00bbhttps:\/\/debouchagesougne.com\/wp-content\/uploads\/2022\/09\/cancalisation-300&#215;200-1.jpg\u00a0\u00bb title_text=\u00a0\u00bbcancalisation-300&#215;200&Prime; _builder_version=\u00a0\u00bb4.18.0&Prime; _module_preset=\u00a0\u00bbdefault\u00a0\u00bb min_height=\u00a0\u00bb135px\u00a0\u00bb global_colors_info=\u00a0\u00bb{}\u00a0\u00bb][\/et_pb_image][et_pb_text _builder_version=\u00a0\u00bb4.18.0&Prime; _module_preset=\u00a0\u00bbdefault\u00a0\u00bb text_font=\u00a0\u00bb|700|||||||\u00a0\u00bb text_text_color=\u00a0\u00bb#FFFFFF\u00a0\u00bb text_font_size=\u00a0\u00bb18px\u00a0\u00bb text_line_height=\u00a0\u00bb1.3em\u00a0\u00bb background_color=\u00a0\u00bb#42a8d0&Prime; text_orientation=\u00a0\u00bbcenter\u00a0\u00bb custom_padding=\u00a0\u00bb10px|10px|10px|10px|false|false\u00a0\u00bb global_colors_info=\u00a0\u00bb{}\u00a0\u00bb]<\/p>\n<p>Debouchage canalisation<\/p>\n<p>[\/et_pb_text][\/et_pb_column][et_pb_column type=\u00a0\u00bb1_5&Prime; _builder_version=\u00a0\u00bb4.18.0&Prime; _module_preset=\u00a0\u00bbdefault\u00a0\u00bb link_option_url=\u00a0\u00bbhttps:\/\/debouchagesougne.com\/index.php\/work\/debouchage-degout\/\u00a0\u00bb global_colors_info=\u00a0\u00bb{}\u00a0\u00bb][et_pb_image src=\u00a0\u00bbhttps:\/\/debouchagesougne.com\/wp-content\/uploads\/2022\/09\/de\u0301bouchage-e\u0301gout-400&#215;266-1.jpg\u00a0\u00bb alt=\u00a0\u00bbD\u00e9bouchage d\u2019\u00e9gout\u00a0\u00bb title_text=\u00a0\u00bbD\u00e9bouchage d\u2019\u00e9gout\u00a0\u00bb _builder_version=\u00a0\u00bb4.18.0&Prime; _module_preset=\u00a0\u00bbdefault\u00a0\u00bb min_height=\u00a0\u00bb135px\u00a0\u00bb global_colors_info=\u00a0\u00bb{}\u00a0\u00bb][\/et_pb_image][et_pb_text _builder_version=\u00a0\u00bb4.18.0&Prime; _module_preset=\u00a0\u00bbdefault\u00a0\u00bb text_font=\u00a0\u00bb|700|||||||\u00a0\u00bb text_text_color=\u00a0\u00bb#FFFFFF\u00a0\u00bb text_font_size=\u00a0\u00bb18px\u00a0\u00bb text_line_height=\u00a0\u00bb1.3em\u00a0\u00bb background_color=\u00a0\u00bb#42a8d0&Prime; text_orientation=\u00a0\u00bbcenter\u00a0\u00bb custom_padding=\u00a0\u00bb10px|10px|10px|10px|false|false\u00a0\u00bb global_colors_info=\u00a0\u00bb{}\u00a0\u00bb]<\/p>\n<p>Debouchage d&rsquo;\u00e9gout<\/p>\n<p>[\/et_pb_text][\/et_pb_column][et_pb_column type=\u00a0\u00bb1_5&Prime; _builder_version=\u00a0\u00bb4.18.0&Prime; _module_preset=\u00a0\u00bbdefault\u00a0\u00bb link_option_url=\u00a0\u00bbhttps:\/\/debouchagesougne.com\/index.php\/work\/debouchage-de-wc\/\u00a0\u00bb global_colors_info=\u00a0\u00bb{}\u00a0\u00bb][et_pb_image src=\u00a0\u00bbhttps:\/\/debouchagesougne.com\/wp-content\/uploads\/2022\/09\/fotolia-71706770-l-1.jpg\u00a0\u00bb title_text=\u00a0\u00bbfotolia-71706770-l-1&Prime; _builder_version=\u00a0\u00bb4.18.0&Prime; _module_preset=\u00a0\u00bbdefault\u00a0\u00bb min_height=\u00a0\u00bb135px\u00a0\u00bb global_colors_info=\u00a0\u00bb{}\u00a0\u00bb][\/et_pb_image][et_pb_text _builder_version=\u00a0\u00bb4.18.0&Prime; _module_preset=\u00a0\u00bbdefault\u00a0\u00bb text_font=\u00a0\u00bb|700|||||||\u00a0\u00bb text_text_color=\u00a0\u00bb#FFFFFF\u00a0\u00bb text_font_size=\u00a0\u00bb18px\u00a0\u00bb text_line_height=\u00a0\u00bb1.3em\u00a0\u00bb background_color=\u00a0\u00bb#42a8d0&Prime; text_orientation=\u00a0\u00bbcenter\u00a0\u00bb min_height=\u00a0\u00bb65px\u00a0\u00bb custom_padding=\u00a0\u00bb10px|10px|10px|10px|false|false\u00a0\u00bb global_colors_info=\u00a0\u00bb{}\u00a0\u00bb]<\/p>\n<p>Debouchage de wc<\/p>\n<p>[\/et_pb_text][\/et_pb_column][et_pb_column type=\u00a0\u00bb1_5&Prime; _builder_version=\u00a0\u00bb4.18.0&Prime; _module_preset=\u00a0\u00bbdefault\u00a0\u00bb link_option_url=\u00a0\u00bbhttps:\/\/debouchagesougne.com\/index.php\/work\/debouchage-devier\/\u00a0\u00bb global_colors_info=\u00a0\u00bb{}\u00a0\u00bb][et_pb_image src=\u00a0\u00bbhttps:\/\/debouchagesougne.com\/wp-content\/uploads\/2022\/09\/delegue-le-debouchage-de-vos-canalisations-1.jpg\u00a0\u00bb alt=\u00a0\u00bbD\u00e9l\u00e9gu\u00e9 le d\u00e9bouchage de vos canalisations \u00e0 un professionnel\u00a0\u00bb title_text=\u00a0\u00bbD\u00e9l\u00e9gu\u00e9 le d\u00e9bouchage de vos canalisations \u00e0 un professionnel\u00a0\u00bb _builder_version=\u00a0\u00bb4.18.0&Prime; _module_preset=\u00a0\u00bbdefault\u00a0\u00bb min_height=\u00a0\u00bb135px\u00a0\u00bb global_colors_info=\u00a0\u00bb{}\u00a0\u00bb][\/et_pb_image][et_pb_text _builder_version=\u00a0\u00bb4.18.0&Prime; _module_preset=\u00a0\u00bbdefault\u00a0\u00bb text_font=\u00a0\u00bb|700|||||||\u00a0\u00bb text_text_color=\u00a0\u00bb#FFFFFF\u00a0\u00bb text_font_size=\u00a0\u00bb18px\u00a0\u00bb text_line_height=\u00a0\u00bb1.3em\u00a0\u00bb background_color=\u00a0\u00bb#42a8d0&Prime; text_orientation=\u00a0\u00bbcenter\u00a0\u00bb min_height=\u00a0\u00bb65px\u00a0\u00bb custom_padding=\u00a0\u00bb10px|10px|10px|10px|false|false\u00a0\u00bb global_colors_info=\u00a0\u00bb{}\u00a0\u00bb]<\/p>\n<p>Debouchage d&rsquo;\u00e9vier<\/p>\n<p>[\/et_pb_text][\/et_pb_column][et_pb_column type=\u00a0\u00bb1_5&Prime; _builder_version=\u00a0\u00bb4.18.0&Prime; _module_preset=\u00a0\u00bbdefault\u00a0\u00bb link_option_url=\u00a0\u00bbhttps:\/\/www.debouchagesougne.com\/index.php\/debouchage-de-douche\/\u00a0\u00bb global_colors_info=\u00a0\u00bb{}\u00a0\u00bb][et_pb_image src=\u00a0\u00bbhttps:\/\/debouchagesougne.com\/wp-content\/uploads\/2022\/09\/comment-deboucher-une-douche_5465818.jpg\u00a0\u00bb title_text=\u00a0\u00bbcomment-deboucher-une-douche_5465818&Prime; _builder_version=\u00a0\u00bb4.18.0&Prime; _module_preset=\u00a0\u00bbdefault\u00a0\u00bb min_height=\u00a0\u00bb135px\u00a0\u00bb global_colors_info=\u00a0\u00bb{}\u00a0\u00bb][\/et_pb_image][et_pb_text _builder_version=\u00a0\u00bb4.18.0&Prime; _module_preset=\u00a0\u00bbdefault\u00a0\u00bb text_font=\u00a0\u00bb|700|||||||\u00a0\u00bb text_text_color=\u00a0\u00bb#FFFFFF\u00a0\u00bb text_font_size=\u00a0\u00bb18px\u00a0\u00bb text_line_height=\u00a0\u00bb1.3em\u00a0\u00bb background_color=\u00a0\u00bb#42a8d0&Prime; text_orientation=\u00a0\u00bbcenter\u00a0\u00bb min_height=\u00a0\u00bb65px\u00a0\u00bb custom_padding=\u00a0\u00bb10px|10px|10px|10px|false|false\u00a0\u00bb global_colors_info=\u00a0\u00bb{}\u00a0\u00bb]<\/p>\n<p>Debouchage baignoire<\/p>\n<p>[\/et_pb_text][\/et_pb_column][\/et_pb_row][\/et_pb_section][et_pb_section fb_built=\u00a0\u00bb1&Prime; _builder_version=\u00a0\u00bb4.18.0&Prime; _module_preset=\u00a0\u00bbdefault\u00a0\u00bb custom_padding=\u00a0\u00bb0px||||false|false\u00a0\u00bb global_module=\u00a0\u00bb388&Prime; global_colors_info=\u00a0\u00bb{}\u00a0\u00bb][et_pb_row _builder_version=\u00a0\u00bb4.18.0&Prime; _module_preset=\u00a0\u00bbdefault\u00a0\u00bb global_colors_info=\u00a0\u00bb{}\u00a0\u00bb][et_pb_column type=\u00a0\u00bb4_4&Prime; _builder_version=\u00a0\u00bb4.18.0&Prime; _module_preset=\u00a0\u00bbdefault\u00a0\u00bb global_colors_info=\u00a0\u00bb{}\u00a0\u00bb][et_pb_button button_url=\u00a0\u00bbtel:+32494455166&Prime; button_text=\u00a0\u00bbAppelez &#8211; Nous pour toutes urgences \u00a0\u00bb button_alignment=\u00a0\u00bbcenter\u00a0\u00bb _builder_version=\u00a0\u00bb4.18.0&Prime; _module_preset=\u00a0\u00bbdefault\u00a0\u00bb custom_button=\u00a0\u00bbon\u00a0\u00bb button_text_size=\u00a0\u00bb26px\u00a0\u00bb button_text_color=\u00a0\u00bb#FFFFFF\u00a0\u00bb button_bg_color=\u00a0\u00bb#2a5b89&Prime; button_border_radius=\u00a0\u00bb15px\u00a0\u00bb button_font=\u00a0\u00bb|700|||||||\u00a0\u00bb button_icon=\u00a0\u00bb&#xf879;||fa||900&Prime; button_icon_placement=\u00a0\u00bbleft\u00a0\u00bb button_on_hover=\u00a0\u00bboff\u00a0\u00bb custom_padding=\u00a0\u00bb15px|35px|15px|55px|false|false\u00a0\u00bb global_colors_info=\u00a0\u00bb{}\u00a0\u00bb][\/et_pb_button][\/et_pb_column][\/et_pb_row][\/et_pb_section][et_pb_section fb_built=\u00a0\u00bb1&Prime; _builder_version=\u00a0\u00bb4.18.0&Prime; _module_preset=\u00a0\u00bbdefault\u00a0\u00bb background_color=\u00a0\u00bb#f4f4f4&Prime; global_colors_info=\u00a0\u00bb{}\u00a0\u00bb][et_pb_row column_structure=\u00a0\u00bb1_3,1_3,1_3&Prime; _builder_version=\u00a0\u00bb4.18.0&Prime; _module_preset=\u00a0\u00bbdefault\u00a0\u00bb global_colors_info=\u00a0\u00bb{}\u00a0\u00bb][et_pb_column type=\u00a0\u00bb1_3&Prime; _builder_version=\u00a0\u00bb4.18.0&Prime; _module_preset=\u00a0\u00bbdefault\u00a0\u00bb global_colors_info=\u00a0\u00bb{}\u00a0\u00bb][et_pb_blurb title=\u00a0\u00bbDebouchage Sougne\u00a0\u00bb use_icon=\u00a0\u00bbon\u00a0\u00bb font_icon=\u00a0\u00bb&#xe081;||divi||400&Prime; _builder_version=\u00a0\u00bb4.18.0&Prime; _module_preset=\u00a0\u00bbdefault\u00a0\u00bb header_text_align=\u00a0\u00bbcenter\u00a0\u00bb header_text_color=\u00a0\u00bb#2f4e80&Prime; header_font_size=\u00a0\u00bb22px\u00a0\u00bb text_orientation=\u00a0\u00bbcenter\u00a0\u00bb link_option_url=\u00a0\u00bbhttps:\/\/goo.gl\/maps\/kwa8iPB342yHBpQZA\u00a0\u00bb link_option_url_new_window=\u00a0\u00bbon\u00a0\u00bb hover_enabled=\u00a0\u00bb0&Prime; global_colors_info=\u00a0\u00bb{}\u00a0\u00bb icon_color__hover_enabled=\u00a0\u00bbon|hover\u00a0\u00bb icon_color__hover=\u00a0\u00bb#42a8d0&Prime; sticky_enabled=\u00a0\u00bb0&Prime;]<\/p>\n<p>Soumagne<\/p>\n<p>[\/et_pb_blurb][\/et_pb_column][et_pb_column type=\u00a0\u00bb1_3&Prime; _builder_version=\u00a0\u00bb4.18.0&Prime; _module_preset=\u00a0\u00bbdefault\u00a0\u00bb global_colors_info=\u00a0\u00bb{}\u00a0\u00bb][et_pb_blurb title=\u00a0\u00bbT\u00e9l\u00e9phone \/ GSM\u00a0\u00bb use_icon=\u00a0\u00bbon\u00a0\u00bb font_icon=\u00a0\u00bb&#xf879;||fa||900&Prime; _builder_version=\u00a0\u00bb4.18.0&Prime; _module_preset=\u00a0\u00bbdefault\u00a0\u00bb header_text_align=\u00a0\u00bbcenter\u00a0\u00bb header_text_color=\u00a0\u00bb#2f4e80&Prime; header_font_size=\u00a0\u00bb22px\u00a0\u00bb text_orientation=\u00a0\u00bbcenter\u00a0\u00bb link_option_url=\u00a0\u00bbtel:+32494455166&Prime; global_colors_info=\u00a0\u00bb{}\u00a0\u00bb icon_color__hover_enabled=\u00a0\u00bbon|hover\u00a0\u00bb icon_color__hover=\u00a0\u00bb#42a8d0&Prime;]+32 494 45 51 66[\/et_pb_blurb][\/et_pb_column][et_pb_column type=\u00a0\u00bb1_3&Prime; _builder_version=\u00a0\u00bb4.18.0&Prime; _module_preset=\u00a0\u00bbdefault\u00a0\u00bb global_colors_info=\u00a0\u00bb{}\u00a0\u00bb][et_pb_blurb title=\u00a0\u00bbAdresse e-mail\u00a0\u00bb use_icon=\u00a0\u00bbon\u00a0\u00bb font_icon=\u00a0\u00bb&#xf0e0;||fa||900&Prime; _builder_version=\u00a0\u00bb4.18.0&Prime; _module_preset=\u00a0\u00bbdefault\u00a0\u00bb header_text_align=\u00a0\u00bbcenter\u00a0\u00bb header_text_color=\u00a0\u00bb#2f4e80&Prime; header_font_size=\u00a0\u00bb22px\u00a0\u00bb text_orientation=\u00a0\u00bbcenter\u00a0\u00bb link_option_url=\u00a0\u00bbmailto:steve.sougne@gmail.com\u00a0\u00bb global_colors_info=\u00a0\u00bb{}\u00a0\u00bb icon_color__hover_enabled=\u00a0\u00bbon|hover\u00a0\u00bb icon_color__hover=\u00a0\u00bb#42a8d0&Prime;]steve.sougne@gmail.com[\/et_pb_blurb][\/et_pb_column][\/et_pb_row][\/et_pb_section]<\/p>\n","protected":false},"excerpt":{"rendered":"<p>D\u00e9bouchage de canalisation et d\u2019\u00e9gouts D\u00c9BOUCHAGE DE CANALISATIONS, WC, \u00c9VIER ET \u00c9GOUT LI\u00c8GE, VERVIERS, HUY ET ENVIRONS D\u00e9bouchage Sougne est le sp\u00e9cialiste pour d\u00e9boucher vos \u00e9gouts, WC, \u00e9viers et autres canalisations. Cliquez ci-dessous sur le service correspondant \u00e0 votre besoin ! Nous nous ferons un plaisir de vous venir en aide dans les plus brefs [&hellip;]<\/p>\n","protected":false},"author":1,"featured_media":0,"parent":0,"menu_order":0,"comment_status":"closed","ping_status":"closed","template":"","meta":{"_et_pb_use_builder":"on","_et_pb_old_content":"","_et_gb_content_width":"","footnotes":""},"class_list":["post-211","page","type-page","status-publish","hentry"],"yoast_head":"<!-- This site is optimized with the Yoast SEO plugin v27.5 - https:\/\/yoast.com\/product\/yoast-seo-wordpress\/ -->\n<title>D\u00e9bouchage - Debouchage Sougne, D\u00e9bouchage canalisations \u00e0 Li\u00e8ge, Verviers, et environs<\/title>\n<meta name=\"robots\" content=\"index, follow, max-snippet:-1, max-image-preview:large, max-video-preview:-1\" \/>\n<link rel=\"canonical\" href=\"https:\/\/debouchagesougne.com\/index.php\/work\/\" \/>\n<meta property=\"og:locale\" content=\"fr_FR\" \/>\n<meta property=\"og:type\" content=\"article\" \/>\n<meta property=\"og:title\" content=\"D\u00e9bouchage - Debouchage Sougne, D\u00e9bouchage canalisations \u00e0 Li\u00e8ge, Verviers, et environs\" \/>\n<meta property=\"og:description\" content=\"D\u00e9bouchage de canalisation et d\u2019\u00e9gouts D\u00c9BOUCHAGE DE CANALISATIONS, WC, \u00c9VIER ET \u00c9GOUT LI\u00c8GE, VERVIERS, HUY ET ENVIRONS D\u00e9bouchage Sougne est le sp\u00e9cialiste pour d\u00e9boucher vos \u00e9gouts, WC, \u00e9viers et autres canalisations. Cliquez ci-dessous sur le service correspondant \u00e0 votre besoin ! Nous nous ferons un plaisir de vous venir en aide dans les plus brefs [&hellip;]\" \/>\n<meta property=\"og:url\" content=\"https:\/\/debouchagesougne.com\/index.php\/work\/\" \/>\n<meta property=\"og:site_name\" content=\"Debouchage Sougne, D\u00e9bouchage canalisations \u00e0 Li\u00e8ge, Verviers, et environs\" \/>\n<meta property=\"article:publisher\" content=\"https:\/\/www.facebook.com\/Dbouchage-Sougne-105483994129103\/\" \/>\n<meta property=\"article:modified_time\" content=\"2022-12-01T12:54:04+00:00\" \/>\n<meta name=\"twitter:card\" content=\"summary_large_image\" \/>\n<script type=\"application\/ld+json\" class=\"yoast-schema-graph\">{\"@context\":\"https:\\\/\\\/schema.org\",\"@graph\":[{\"@type\":\"WebPage\",\"@id\":\"https:\\\/\\\/debouchagesougne.com\\\/index.php\\\/work\\\/\",\"url\":\"https:\\\/\\\/debouchagesougne.com\\\/index.php\\\/work\\\/\",\"name\":\"D\u00e9bouchage - Debouchage Sougne, D\u00e9bouchage canalisations \u00e0 Li\u00e8ge, Verviers, et environs\",\"isPartOf\":{\"@id\":\"https:\\\/\\\/debouchagesougne.com\\\/#website\"},\"datePublished\":\"2022-09-12T11:11:06+00:00\",\"dateModified\":\"2022-12-01T12:54:04+00:00\",\"breadcrumb\":{\"@id\":\"https:\\\/\\\/debouchagesougne.com\\\/index.php\\\/work\\\/#breadcrumb\"},\"inLanguage\":\"fr-FR\",\"potentialAction\":[{\"@type\":\"ReadAction\",\"target\":[\"https:\\\/\\\/debouchagesougne.com\\\/index.php\\\/work\\\/\"]}]},{\"@type\":\"BreadcrumbList\",\"@id\":\"https:\\\/\\\/debouchagesougne.com\\\/index.php\\\/work\\\/#breadcrumb\",\"itemListElement\":[{\"@type\":\"ListItem\",\"position\":1,\"name\":\"Accueil\",\"item\":\"https:\\\/\\\/debouchagesougne.com\\\/\"},{\"@type\":\"ListItem\",\"position\":2,\"name\":\"D\u00e9bouchage\"}]},{\"@type\":\"WebSite\",\"@id\":\"https:\\\/\\\/debouchagesougne.com\\\/#website\",\"url\":\"https:\\\/\\\/debouchagesougne.com\\\/\",\"name\":\"Debouchage Sougne, D\u00e9bouchage canalisations \u00e0 Li\u00e8ge, Verviers, et environs\",\"description\":\"\",\"publisher\":{\"@id\":\"https:\\\/\\\/debouchagesougne.com\\\/#organization\"},\"potentialAction\":[{\"@type\":\"SearchAction\",\"target\":{\"@type\":\"EntryPoint\",\"urlTemplate\":\"https:\\\/\\\/debouchagesougne.com\\\/?s={search_term_string}\"},\"query-input\":{\"@type\":\"PropertyValueSpecification\",\"valueRequired\":true,\"valueName\":\"search_term_string\"}}],\"inLanguage\":\"fr-FR\"},{\"@type\":\"Organization\",\"@id\":\"https:\\\/\\\/debouchagesougne.com\\\/#organization\",\"name\":\"Debouchage Sougne\",\"url\":\"https:\\\/\\\/debouchagesougne.com\\\/\",\"logo\":{\"@type\":\"ImageObject\",\"inLanguage\":\"fr-FR\",\"@id\":\"https:\\\/\\\/debouchagesougne.com\\\/#\\\/schema\\\/logo\\\/image\\\/\",\"url\":\"https:\\\/\\\/debouchagesougne.com\\\/wp-content\\\/uploads\\\/2022\\\/09\\\/92868076_534909257450999_7066999099337211904_n-scaled-1.jpg\",\"contentUrl\":\"https:\\\/\\\/debouchagesougne.com\\\/wp-content\\\/uploads\\\/2022\\\/09\\\/92868076_534909257450999_7066999099337211904_n-scaled-1.jpg\",\"width\":2560,\"height\":1920,\"caption\":\"Debouchage Sougne\"},\"image\":{\"@id\":\"https:\\\/\\\/debouchagesougne.com\\\/#\\\/schema\\\/logo\\\/image\\\/\"},\"sameAs\":[\"https:\\\/\\\/www.facebook.com\\\/Dbouchage-Sougne-105483994129103\\\/\"]}]}<\/script>\n<!-- \/ Yoast SEO plugin. -->","yoast_head_json":{"title":"D\u00e9bouchage - Debouchage Sougne, D\u00e9bouchage canalisations \u00e0 Li\u00e8ge, Verviers, et environs","robots":{"index":"index","follow":"follow","max-snippet":"max-snippet:-1","max-image-preview":"max-image-preview:large","max-video-preview":"max-video-preview:-1"},"canonical":"https:\/\/debouchagesougne.com\/index.php\/work\/","og_locale":"fr_FR","og_type":"article","og_title":"D\u00e9bouchage - Debouchage Sougne, D\u00e9bouchage canalisations \u00e0 Li\u00e8ge, Verviers, et environs","og_description":"D\u00e9bouchage de canalisation et d\u2019\u00e9gouts D\u00c9BOUCHAGE DE CANALISATIONS, WC, \u00c9VIER ET \u00c9GOUT LI\u00c8GE, VERVIERS, HUY ET ENVIRONS D\u00e9bouchage Sougne est le sp\u00e9cialiste pour d\u00e9boucher vos \u00e9gouts, WC, \u00e9viers et autres canalisations. Cliquez ci-dessous sur le service correspondant \u00e0 votre besoin ! Nous nous ferons un plaisir de vous venir en aide dans les plus brefs [&hellip;]","og_url":"https:\/\/debouchagesougne.com\/index.php\/work\/","og_site_name":"Debouchage Sougne, D\u00e9bouchage canalisations \u00e0 Li\u00e8ge, Verviers, et environs","article_publisher":"https:\/\/www.facebook.com\/Dbouchage-Sougne-105483994129103\/","article_modified_time":"2022-12-01T12:54:04+00:00","twitter_card":"summary_large_image","schema":{"@context":"https:\/\/schema.org","@graph":[{"@type":"WebPage","@id":"https:\/\/debouchagesougne.com\/index.php\/work\/","url":"https:\/\/debouchagesougne.com\/index.php\/work\/","name":"D\u00e9bouchage - Debouchage Sougne, D\u00e9bouchage canalisations \u00e0 Li\u00e8ge, Verviers, et environs","isPartOf":{"@id":"https:\/\/debouchagesougne.com\/#website"},"datePublished":"2022-09-12T11:11:06+00:00","dateModified":"2022-12-01T12:54:04+00:00","breadcrumb":{"@id":"https:\/\/debouchagesougne.com\/index.php\/work\/#breadcrumb"},"inLanguage":"fr-FR","potentialAction":[{"@type":"ReadAction","target":["https:\/\/debouchagesougne.com\/index.php\/work\/"]}]},{"@type":"BreadcrumbList","@id":"https:\/\/debouchagesougne.com\/index.php\/work\/#breadcrumb","itemListElement":[{"@type":"ListItem","position":1,"name":"Accueil","item":"https:\/\/debouchagesougne.com\/"},{"@type":"ListItem","position":2,"name":"D\u00e9bouchage"}]},{"@type":"WebSite","@id":"https:\/\/debouchagesougne.com\/#website","url":"https:\/\/debouchagesougne.com\/","name":"Debouchage Sougne, D\u00e9bouchage canalisations \u00e0 Li\u00e8ge, Verviers, et environs","description":"","publisher":{"@id":"https:\/\/debouchagesougne.com\/#organization"},"potentialAction":[{"@type":"SearchAction","target":{"@type":"EntryPoint","urlTemplate":"https:\/\/debouchagesougne.com\/?s={search_term_string}"},"query-input":{"@type":"PropertyValueSpecification","valueRequired":true,"valueName":"search_term_string"}}],"inLanguage":"fr-FR"},{"@type":"Organization","@id":"https:\/\/debouchagesougne.com\/#organization","name":"Debouchage Sougne","url":"https:\/\/debouchagesougne.com\/","logo":{"@type":"ImageObject","inLanguage":"fr-FR","@id":"https:\/\/debouchagesougne.com\/#\/schema\/logo\/image\/","url":"https:\/\/debouchagesougne.com\/wp-content\/uploads\/2022\/09\/92868076_534909257450999_7066999099337211904_n-scaled-1.jpg","contentUrl":"https:\/\/debouchagesougne.com\/wp-content\/uploads\/2022\/09\/92868076_534909257450999_7066999099337211904_n-scaled-1.jpg","width":2560,"height":1920,"caption":"Debouchage Sougne"},"image":{"@id":"https:\/\/debouchagesougne.com\/#\/schema\/logo\/image\/"},"sameAs":["https:\/\/www.facebook.com\/Dbouchage-Sougne-105483994129103\/"]}]}},"_links":{"self":[{"href":"https:\/\/debouchagesougne.com\/index.php\/wp-json\/wp\/v2\/pages\/211","targetHints":{"allow":["GET"]}}],"collection":[{"href":"https:\/\/debouchagesougne.com\/index.php\/wp-json\/wp\/v2\/pages"}],"about":[{"href":"https:\/\/debouchagesougne.com\/index.php\/wp-json\/wp\/v2\/types\/page"}],"author":[{"embeddable":true,"href":"https:\/\/debouchagesougne.com\/index.php\/wp-json\/wp\/v2\/users\/1"}],"replies":[{"embeddable":true,"href":"https:\/\/debouchagesougne.com\/index.php\/wp-json\/wp\/v2\/comments?post=211"}],"version-history":[{"count":1,"href":"https:\/\/debouchagesougne.com\/index.php\/wp-json\/wp\/v2\/pages\/211\/revisions"}],"predecessor-version":[{"id":544,"href":"https:\/\/debouchagesougne.com\/index.php\/wp-json\/wp\/v2\/pages\/211\/revisions\/544"}],"wp:attachment":[{"href":"https:\/\/debouchagesougne.com\/index.php\/wp-json\/wp\/v2\/media?parent=211"}],"curies":[{"name":"wp","href":"https:\/\/api.w.org\/{rel}","templated":true}]}}