{"id":642,"date":"2026-04-06T17:47:37","date_gmt":"2026-04-06T15:47:37","guid":{"rendered":"https:\/\/debouchagesougne.com\/?page_id=642"},"modified":"2026-04-06T17:47:43","modified_gmt":"2026-04-06T15:47:43","slug":"debouchage-micheroux","status":"publish","type":"page","link":"https:\/\/debouchagesougne.com\/index.php\/debouchage-micheroux\/","title":{"rendered":"D\u00e9bouchage Micheroux"},"content":{"rendered":"<h2 data-section-id=\"u5ep4o\" data-start=\"565\" data-end=\"619\"><span dir=\"auto\" style=\"vertical-align: inherit;\"><span dir=\"auto\" style=\"vertical-align: inherit;\">D\u00e9bouchage \u00e0 Micheroux \u2013 Intervention rapide<\/span><\/span><\/h2>\n<p data-start=\"621\" data-end=\"839\"><span dir=\"auto\" style=\"vertical-align: inherit;\"><span dir=\"auto\" style=\"vertical-align: inherit;\">Nous proposons un service de d\u00e9bouchage rapide \u00e0 Micheroux pour tous vos probl\u00e8mes de canalisations, WC ou \u00e9gouts bouch\u00e9s. Gr\u00e2ce \u00e0 notre mat\u00e9riel professionnel, nous intervenons efficacement pour un d\u00e9bouchage durable.<\/span><\/span><\/p>\n<p data-start=\"841\" data-end=\"964\"><span dir=\"auto\" style=\"vertical-align: inherit;\"><span dir=\"auto\" style=\"vertical-align: inherit;\">\ud83d\udc49 Intervention rapide, ( dans la journ\u00e9e ) <\/span><\/span><br data-start=\"893\" data-end=\"896\" \/><span dir=\"auto\" style=\"vertical-align: inherit;\"><span dir=\"auto\" style=\"vertical-align: inherit;\">\ud83d\udc49 Disponible\u00a0 <\/span><\/span><br data-start=\"924\" data-end=\"927\" \/><span dir=\"auto\" style=\"vertical-align: inherit;\"><span dir=\"auto\" style=\"vertical-align: inherit;\">\ud83d\udc49 Devis gratuit avant intervention<\/span><\/span><\/p>\n<hr data-start=\"966\" data-end=\"969\" \/>\n<h2 data-section-id=\"e2tbx8\" data-start=\"971\" data-end=\"1004\"><span dir=\"auto\" style=\"vertical-align: inherit;\"><span dir=\"auto\" style=\"vertical-align: inherit;\">\ud83d\udcb0 Prix d\u00e9bouchage \u00e0 Micheroux<\/span><\/span><\/h2>\n<ul data-start=\"1006\" data-end=\"1121\">\n<li data-section-id=\"11l4uhv\" data-start=\"1006\" data-end=\"1044\"><span dir=\"auto\" style=\"vertical-align: inherit;\"><span dir=\"auto\" style=\"vertical-align: inherit;\">D\u00e9bouchage \u00e9vier : 180\u20ac htva<\/span><\/span><\/li>\n<li data-section-id=\"1v03msv\" data-start=\"1045\" data-end=\"1081\"><span dir=\"auto\" style=\"vertical-align: inherit;\"><span dir=\"auto\" style=\"vertical-align: inherit;\">D\u00e9bouchage WC : 180\u20ac htva<\/span><\/span><\/li>\n<li data-section-id=\"1jvzc0o\" data-start=\"1082\" data-end=\"1121\"><span dir=\"auto\" style=\"vertical-align: inherit;\"><span dir=\"auto\" style=\"vertical-align: inherit;\">D\u00e9bouchage \u00e9gout : 180\u20ac htva<\/span><\/span><\/li>\n<\/ul>\n<p data-start=\"1123\" data-end=\"1171\"><span dir=\"auto\" style=\"vertical-align: inherit;\"><span dir=\"auto\" style=\"vertical-align: inherit;\">\ud83d\udc49 Prix clair avant intervention, sans surprise.<\/span><\/span><\/p>\n<hr data-start=\"1173\" data-end=\"1176\" \/>\n<h2 data-section-id=\"ag87yr\" data-start=\"1178\" data-end=\"1203\"><span dir=\"auto\" style=\"vertical-align: inherit;\"><span dir=\"auto\" style=\"vertical-align: inherit;\">\ud83d\udccd Zone d&rsquo;intervention<\/span><\/span><\/h2>\n<p data-start=\"1205\" data-end=\"1304\"><span dir=\"auto\" style=\"vertical-align: inherit;\"><span dir=\"auto\" style=\"vertical-align: inherit;\">Nous intervenons \u00e0 Micheroux ainsi qu&rsquo;\u00e0 Soumagne, Ayeneux, Fl\u00e9ron et dans toute la r\u00e9gion de Li\u00e8ge.<\/span><\/span><\/p>\n<hr data-start=\"1306\" data-end=\"1309\" \/>\n<h2 data-section-id=\"51u7us\" data-start=\"1311\" data-end=\"1353\"><span dir=\"auto\" style=\"vertical-align: inherit;\"><span dir=\"auto\" style=\"vertical-align: inherit;\">\ud83d\udcde Besoin d&rsquo;un d\u00e9bouchage \u00e0 Micheroux ?<\/span><\/span><\/h2>\n<p data-start=\"1355\" data-end=\"1420\"><span dir=\"auto\" style=\"vertical-align: inherit;\"><span dir=\"auto\" style=\"vertical-align: inherit;\">Appelez-nous maintenant pour une intervention rapide et efficace.<a href='' class='big-button biggreen' target=\"_blank\"><a href='' class='big-button biggreen' target=\"_blank\"><\/a> \ud83d\udcde Appelez-nous maintenant pour un d\u00e9bouchage rapide et efficace<\/a>[\/button]<\/span><\/span><\/p>\n","protected":false},"excerpt":{"rendered":"<p>D\u00e9bouchage \u00e0 Micheroux \u2013 Intervention rapide Nous proposons un service de d\u00e9bouchage rapide \u00e0 Micheroux pour tous vos probl\u00e8mes de canalisations, WC ou \u00e9gouts bouch\u00e9s. Gr\u00e2ce \u00e0 notre mat\u00e9riel professionnel, nous intervenons efficacement pour un d\u00e9bouchage durable. \ud83d\udc49 Intervention rapide, ( dans la journ\u00e9e ) \ud83d\udc49 Disponible\u00a0 \ud83d\udc49 Devis gratuit avant intervention \ud83d\udcb0 Prix d\u00e9bouchage [&hellip;]<\/p>\n","protected":false},"author":1,"featured_media":0,"parent":0,"menu_order":0,"comment_status":"closed","ping_status":"closed","template":"","meta":{"_et_pb_use_builder":"","_et_pb_old_content":"","_et_gb_content_width":"","footnotes":""},"class_list":["post-642","page","type-page","status-publish","hentry"],"yoast_head":"<!-- This site is optimized with the Yoast SEO plugin v27.3 - https:\/\/yoast.com\/product\/yoast-seo-wordpress\/ -->\n<title>D\u00e9bouchage Micheroux - Debouchage Sougne, D\u00e9bouchage canalisations \u00e0 Li\u00e8ge, Verviers, et environs<\/title>\n<meta name=\"robots\" content=\"index, follow, max-snippet:-1, max-image-preview:large, max-video-preview:-1\" \/>\n<link rel=\"canonical\" href=\"https:\/\/debouchagesougne.com\/index.php\/debouchage-micheroux\/\" \/>\n<meta property=\"og:locale\" content=\"fr_FR\" \/>\n<meta property=\"og:type\" content=\"article\" \/>\n<meta property=\"og:title\" content=\"D\u00e9bouchage Micheroux - Debouchage Sougne, D\u00e9bouchage canalisations \u00e0 Li\u00e8ge, Verviers, et environs\" \/>\n<meta property=\"og:description\" content=\"D\u00e9bouchage \u00e0 Micheroux \u2013 Intervention rapide Nous proposons un service de d\u00e9bouchage rapide \u00e0 Micheroux pour tous vos probl\u00e8mes de canalisations, WC ou \u00e9gouts bouch\u00e9s. Gr\u00e2ce \u00e0 notre mat\u00e9riel professionnel, nous intervenons efficacement pour un d\u00e9bouchage durable. \ud83d\udc49 Intervention rapide, ( dans la journ\u00e9e ) \ud83d\udc49 Disponible\u00a0 \ud83d\udc49 Devis gratuit avant intervention \ud83d\udcb0 Prix d\u00e9bouchage [&hellip;]\" \/>\n<meta property=\"og:url\" content=\"https:\/\/debouchagesougne.com\/index.php\/debouchage-micheroux\/\" \/>\n<meta property=\"og:site_name\" content=\"Debouchage Sougne, D\u00e9bouchage canalisations \u00e0 Li\u00e8ge, Verviers, et environs\" \/>\n<meta property=\"article:publisher\" content=\"https:\/\/www.facebook.com\/Dbouchage-Sougne-105483994129103\/\" \/>\n<meta property=\"article:modified_time\" content=\"2026-04-06T15:47:43+00:00\" \/>\n<meta name=\"twitter:card\" content=\"summary_large_image\" \/>\n<meta name=\"twitter:label1\" content=\"Dur\u00e9e de lecture estim\u00e9e\" \/>\n\t<meta name=\"twitter:data1\" content=\"1 minute\" \/>\n<script type=\"application\/ld+json\" class=\"yoast-schema-graph\">{\"@context\":\"https:\\\/\\\/schema.org\",\"@graph\":[{\"@type\":\"WebPage\",\"@id\":\"https:\\\/\\\/debouchagesougne.com\\\/index.php\\\/debouchage-micheroux\\\/\",\"url\":\"https:\\\/\\\/debouchagesougne.com\\\/index.php\\\/debouchage-micheroux\\\/\",\"name\":\"D\u00e9bouchage Micheroux - Debouchage Sougne, D\u00e9bouchage canalisations \u00e0 Li\u00e8ge, Verviers, et environs\",\"isPartOf\":{\"@id\":\"https:\\\/\\\/debouchagesougne.com\\\/#website\"},\"datePublished\":\"2026-04-06T15:47:37+00:00\",\"dateModified\":\"2026-04-06T15:47:43+00:00\",\"breadcrumb\":{\"@id\":\"https:\\\/\\\/debouchagesougne.com\\\/index.php\\\/debouchage-micheroux\\\/#breadcrumb\"},\"inLanguage\":\"fr-FR\",\"potentialAction\":[{\"@type\":\"ReadAction\",\"target\":[\"https:\\\/\\\/debouchagesougne.com\\\/index.php\\\/debouchage-micheroux\\\/\"]}]},{\"@type\":\"BreadcrumbList\",\"@id\":\"https:\\\/\\\/debouchagesougne.com\\\/index.php\\\/debouchage-micheroux\\\/#breadcrumb\",\"itemListElement\":[{\"@type\":\"ListItem\",\"position\":1,\"name\":\"Accueil\",\"item\":\"https:\\\/\\\/debouchagesougne.com\\\/\"},{\"@type\":\"ListItem\",\"position\":2,\"name\":\"D\u00e9bouchage Micheroux\"}]},{\"@type\":\"WebSite\",\"@id\":\"https:\\\/\\\/debouchagesougne.com\\\/#website\",\"url\":\"https:\\\/\\\/debouchagesougne.com\\\/\",\"name\":\"Debouchage Sougne, D\u00e9bouchage canalisations \u00e0 Li\u00e8ge, Verviers, et environs\",\"description\":\"\",\"publisher\":{\"@id\":\"https:\\\/\\\/debouchagesougne.com\\\/#organization\"},\"potentialAction\":[{\"@type\":\"SearchAction\",\"target\":{\"@type\":\"EntryPoint\",\"urlTemplate\":\"https:\\\/\\\/debouchagesougne.com\\\/?s={search_term_string}\"},\"query-input\":{\"@type\":\"PropertyValueSpecification\",\"valueRequired\":true,\"valueName\":\"search_term_string\"}}],\"inLanguage\":\"fr-FR\"},{\"@type\":\"Organization\",\"@id\":\"https:\\\/\\\/debouchagesougne.com\\\/#organization\",\"name\":\"Debouchage Sougne\",\"url\":\"https:\\\/\\\/debouchagesougne.com\\\/\",\"logo\":{\"@type\":\"ImageObject\",\"inLanguage\":\"fr-FR\",\"@id\":\"https:\\\/\\\/debouchagesougne.com\\\/#\\\/schema\\\/logo\\\/image\\\/\",\"url\":\"https:\\\/\\\/debouchagesougne.com\\\/wp-content\\\/uploads\\\/2022\\\/09\\\/92868076_534909257450999_7066999099337211904_n-scaled-1.jpg\",\"contentUrl\":\"https:\\\/\\\/debouchagesougne.com\\\/wp-content\\\/uploads\\\/2022\\\/09\\\/92868076_534909257450999_7066999099337211904_n-scaled-1.jpg\",\"width\":2560,\"height\":1920,\"caption\":\"Debouchage Sougne\"},\"image\":{\"@id\":\"https:\\\/\\\/debouchagesougne.com\\\/#\\\/schema\\\/logo\\\/image\\\/\"},\"sameAs\":[\"https:\\\/\\\/www.facebook.com\\\/Dbouchage-Sougne-105483994129103\\\/\"]}]}<\/script>\n<!-- \/ Yoast SEO plugin. -->","yoast_head_json":{"title":"D\u00e9bouchage Micheroux - Debouchage Sougne, D\u00e9bouchage canalisations \u00e0 Li\u00e8ge, Verviers, et environs","robots":{"index":"index","follow":"follow","max-snippet":"max-snippet:-1","max-image-preview":"max-image-preview:large","max-video-preview":"max-video-preview:-1"},"canonical":"https:\/\/debouchagesougne.com\/index.php\/debouchage-micheroux\/","og_locale":"fr_FR","og_type":"article","og_title":"D\u00e9bouchage Micheroux - Debouchage Sougne, D\u00e9bouchage canalisations \u00e0 Li\u00e8ge, Verviers, et environs","og_description":"D\u00e9bouchage \u00e0 Micheroux \u2013 Intervention rapide Nous proposons un service de d\u00e9bouchage rapide \u00e0 Micheroux pour tous vos probl\u00e8mes de canalisations, WC ou \u00e9gouts bouch\u00e9s. Gr\u00e2ce \u00e0 notre mat\u00e9riel professionnel, nous intervenons efficacement pour un d\u00e9bouchage durable. \ud83d\udc49 Intervention rapide, ( dans la journ\u00e9e ) \ud83d\udc49 Disponible\u00a0 \ud83d\udc49 Devis gratuit avant intervention \ud83d\udcb0 Prix d\u00e9bouchage [&hellip;]","og_url":"https:\/\/debouchagesougne.com\/index.php\/debouchage-micheroux\/","og_site_name":"Debouchage Sougne, D\u00e9bouchage canalisations \u00e0 Li\u00e8ge, Verviers, et environs","article_publisher":"https:\/\/www.facebook.com\/Dbouchage-Sougne-105483994129103\/","article_modified_time":"2026-04-06T15:47:43+00:00","twitter_card":"summary_large_image","twitter_misc":{"Dur\u00e9e de lecture estim\u00e9e":"1 minute"},"schema":{"@context":"https:\/\/schema.org","@graph":[{"@type":"WebPage","@id":"https:\/\/debouchagesougne.com\/index.php\/debouchage-micheroux\/","url":"https:\/\/debouchagesougne.com\/index.php\/debouchage-micheroux\/","name":"D\u00e9bouchage Micheroux - Debouchage Sougne, D\u00e9bouchage canalisations \u00e0 Li\u00e8ge, Verviers, et environs","isPartOf":{"@id":"https:\/\/debouchagesougne.com\/#website"},"datePublished":"2026-04-06T15:47:37+00:00","dateModified":"2026-04-06T15:47:43+00:00","breadcrumb":{"@id":"https:\/\/debouchagesougne.com\/index.php\/debouchage-micheroux\/#breadcrumb"},"inLanguage":"fr-FR","potentialAction":[{"@type":"ReadAction","target":["https:\/\/debouchagesougne.com\/index.php\/debouchage-micheroux\/"]}]},{"@type":"BreadcrumbList","@id":"https:\/\/debouchagesougne.com\/index.php\/debouchage-micheroux\/#breadcrumb","itemListElement":[{"@type":"ListItem","position":1,"name":"Accueil","item":"https:\/\/debouchagesougne.com\/"},{"@type":"ListItem","position":2,"name":"D\u00e9bouchage Micheroux"}]},{"@type":"WebSite","@id":"https:\/\/debouchagesougne.com\/#website","url":"https:\/\/debouchagesougne.com\/","name":"Debouchage Sougne, D\u00e9bouchage canalisations \u00e0 Li\u00e8ge, Verviers, et environs","description":"","publisher":{"@id":"https:\/\/debouchagesougne.com\/#organization"},"potentialAction":[{"@type":"SearchAction","target":{"@type":"EntryPoint","urlTemplate":"https:\/\/debouchagesougne.com\/?s={search_term_string}"},"query-input":{"@type":"PropertyValueSpecification","valueRequired":true,"valueName":"search_term_string"}}],"inLanguage":"fr-FR"},{"@type":"Organization","@id":"https:\/\/debouchagesougne.com\/#organization","name":"Debouchage Sougne","url":"https:\/\/debouchagesougne.com\/","logo":{"@type":"ImageObject","inLanguage":"fr-FR","@id":"https:\/\/debouchagesougne.com\/#\/schema\/logo\/image\/","url":"https:\/\/debouchagesougne.com\/wp-content\/uploads\/2022\/09\/92868076_534909257450999_7066999099337211904_n-scaled-1.jpg","contentUrl":"https:\/\/debouchagesougne.com\/wp-content\/uploads\/2022\/09\/92868076_534909257450999_7066999099337211904_n-scaled-1.jpg","width":2560,"height":1920,"caption":"Debouchage Sougne"},"image":{"@id":"https:\/\/debouchagesougne.com\/#\/schema\/logo\/image\/"},"sameAs":["https:\/\/www.facebook.com\/Dbouchage-Sougne-105483994129103\/"]}]}},"_links":{"self":[{"href":"https:\/\/debouchagesougne.com\/index.php\/wp-json\/wp\/v2\/pages\/642","targetHints":{"allow":["GET"]}}],"collection":[{"href":"https:\/\/debouchagesougne.com\/index.php\/wp-json\/wp\/v2\/pages"}],"about":[{"href":"https:\/\/debouchagesougne.com\/index.php\/wp-json\/wp\/v2\/types\/page"}],"author":[{"embeddable":true,"href":"https:\/\/debouchagesougne.com\/index.php\/wp-json\/wp\/v2\/users\/1"}],"replies":[{"embeddable":true,"href":"https:\/\/debouchagesougne.com\/index.php\/wp-json\/wp\/v2\/comments?post=642"}],"version-history":[{"count":2,"href":"https:\/\/debouchagesougne.com\/index.php\/wp-json\/wp\/v2\/pages\/642\/revisions"}],"predecessor-version":[{"id":647,"href":"https:\/\/debouchagesougne.com\/index.php\/wp-json\/wp\/v2\/pages\/642\/revisions\/647"}],"wp:attachment":[{"href":"https:\/\/debouchagesougne.com\/index.php\/wp-json\/wp\/v2\/media?parent=642"}],"curies":[{"name":"wp","href":"https:\/\/api.w.org\/{rel}","templated":true}]}}